{"id":4202,"date":"2024-05-27T11:59:03","date_gmt":"2024-05-27T09:59:03","guid":{"rendered":"https:\/\/www.zenz.de\/ultimas-noticias\/"},"modified":"2025-10-29T13:24:08","modified_gmt":"2025-10-29T12:24:08","slug":"ultimas-noticias","status":"publish","type":"page","link":"https:\/\/www.zenz.de\/es\/ultimas-noticias\/","title":{"rendered":"\u00daltimas noticias"},"content":{"rendered":"<section class=\"l-section wpb_row height_auto width_full\"><div class=\"l-section-h i-cf\"><div class=\"g-cols vc_row via_grid cols_1 laptops-cols_inherit tablets-cols_inherit mobiles-cols_1 valign_top type_default stacking_default\"><div class=\"wpb_column vc_column_container\"><div class=\"vc_column-inner\"><section class=\"l-section wpb_row us_custom_f8319ad1 height_custom with_img\"><div class=\"l-section-img\" role=\"img\" aria-label=\"Hintergrund\u00fcberlagerung\" data-img-width=\"1920\" data-img-height=\"805\" style=\"background-image: url(https:\/\/www.zenz.de\/wp-content\/uploads\/2024\/05\/zenz-hero-hintergrundueberlagerung.png);\"><\/div><div class=\"l-section-h i-cf\"><div class=\"g-cols vc_row via_grid cols_1 laptops-cols_inherit tablets-cols_inherit mobiles-cols_1 valign_bottom type_default stacking_default\"><div class=\"wpb_column vc_column_container us_custom_e8177b5d\"><div class=\"vc_column-inner\"><h1 class=\"w-post-elm post_custom_field us_custom_6e203e2a has_text_color us_animate_this type_text ueberschrift color_link_inherit\"><span class=\"w-post-elm-value\"><\/br>Lo \u00faltimo<span class=\"zenz-font-regular\"> de Zenz<\/span><\/span><\/h1><\/div><\/div><\/div><\/div><\/section>\n<\/div><\/div><\/div><\/div><\/section><section class=\"l-section wpb_row zenz-container height_custom width_custom\" style=\"--site-content-width:1140px;\"><div class=\"l-section-h i-cf\"><div class=\"g-cols vc_row via_grid cols_1 laptops-cols_inherit tablets-cols_inherit mobiles-cols_1 valign_top type_default stacking_default\"><div class=\"wpb_column vc_column_container\"><div class=\"vc_column-inner\"><div class=\"wpb_text_column us_custom_eb849559\"><div class=\"wpb_wrapper\"><h2>Mantente <span class=\"zenz-font-regular\">al d\u00eda<\/span><\/h2>\n<\/div><\/div><div class=\"w-separator size_custom\" style=\"height:3rem\"><\/div><div class=\"w-grid us_grid with_filters type_grid layout_274 zenz-link-red-hover cols_2 preload_style_spinner\" id=\"us_grid_1\" style=\"--columns:2;--gap:3rem;\"><style>@media (max-width:959px){#us_grid_1{--columns:1!important}}@media (max-width:480px){#us_grid_1{--columns:1!important}}.layout_274 .w-grid-item-h{}.layout_274 .usg_post_title_1{color:var(--color-alt-content-bg-alt)!important}.layout_274 .usg_vwrapper_2{width:100%!important;overflow:hidden!important;border:10px solid var(--color-content-border)!important}<\/style><div class=\"g-filters style_1 align_none\"><button class=\"g-filters-item active\" data-taxonomy=\"*\"><span>Todo<\/span><\/button><button class=\"g-filters-item\" data-taxonomy=\"feria-de-muestras\" data-amount=\"4\"><span>Feria de muestras<\/span><span class=\"g-filters-item-amount\">4<\/span><\/button><\/div><div class=\"w-grid-list\" data-filter_taxonomy_name=\"category\" data-filter_default_taxonomies=\"feria-de-muestras,sierras-de-cinta-para-troncos,sin-categorizar\">\t<article class=\"w-grid-item size_1x1 post-11540 post type-post status-publish format-standard has-post-thumbnail hentry category-feria-de-muestras\" data-id=\"11540\">\r\n\t\t<div class=\"w-grid-item-h\">\r\n\t\t\t\t\t\t<div class=\"w-vwrapper usg_vwrapper_1 external-link-icon align_left valign_top\" style=\"--vwrapper-gap:1rem\"><div class=\"w-vwrapper usg_vwrapper_2 align_none valign_top\" style=\"--vwrapper-gap:0.7rem\"><div class=\"w-post-elm post_image usg_post_image_1 has_ratio\"><a ref=\"magnificPopup\" href=\"https:\/\/www.zenz.de\/wp-content\/uploads\/2025\/08\/standplan.jpg\" aria-label=\"Feria Rottalschau\/Karpfham del 28\/08 &#8211; 01\/09\/2026\"><img loading=\"lazy\" decoding=\"async\" width=\"1329\" height=\"892\" src=\"https:\/\/www.zenz.de\/wp-content\/uploads\/2025\/08\/standplan.jpg\" class=\"attachment-full size-full wp-post-image\" alt=\"\" \/><\/a><div style=\"padding-bottom:75%\"><\/div><\/div><\/div><div class=\"w-post-elm post_taxonomy usg_post_taxonomy_1 style_simple color_link_inherit\"><span class=\"term-49 term-feria-de-muestras\">Feria de muestras<\/span><\/div><h2 class=\"w-post-elm post_title usg_post_title_1 zenz-h4 has_text_color entry-title color_link_inherit\">Feria Rottalschau\/Karpfham del 28\/08 &#8211; 01\/09\/2026<\/h2><div class=\"w-post-elm post_content usg_post_content_1\"><section class=\"l-section wpb_row us_custom_4af741be height_auto\"><div class=\"l-section-h i-cf\"><div class=\"g-cols vc_row via_grid cols_1 laptops-cols_inherit tablets-cols_inherit mobiles-cols_1 valign_top type_default stacking_default\"><div class=\"wpb_column vc_column_container\"><div class=\"vc_column-inner\"><div class=\"wpb_text_column\"><div class=\"wpb_wrapper\"><p data-start=\"0\" data-end=\"186\">En la actualidad, la Rottalschau se ha convertido en una de las ferias de tecnolog\u00eda agr\u00edcola m\u00e1s importantes de Alemania. Se celebra paralelamente al Festival de Karpfham.<\/p>\n<p data-start=\"188\" data-end=\"380\" data-is-last-node=\"\" data-is-only-node=\"\">En m\u00e1s de 70.000 metros cuadrados de espacio exterior y 6.000 metros cuadrados de pabellones, unos 600 expositores de toda Alemania y pa\u00edses vecinos presentar\u00e1n una amplia gama de mercanc\u00edas.<\/p>\n<p data-start=\"188\" data-end=\"380\" data-is-last-node=\"\" data-is-only-node=\"\"><span>Vis\u00edtanos desde  <\/span><strong>28.08. &#8211; 01.09.2025<\/strong><span>  todos los d\u00edas de 8.30 a 18.00 h.<\/span><\/p>\n<p data-start=\"188\" data-end=\"380\" data-is-last-node=\"\" data-is-only-node=\"\">M\u00e1s informaci\u00f3n sobre el <a href=\"https:\/\/www.karpfhamerfest.de\/\" target=\"_blank\" rel=\"noopener\">Festival de Karpfham<\/a><\/p>\n<\/div><\/div><\/div><\/div><\/div><\/div><\/section>\n<\/div><\/div>\t\t<\/div>\r\n\t\t\t<\/article>\r\n\t<article class=\"w-grid-item size_1x1 post-11437 post type-post status-publish format-standard has-post-thumbnail hentry category-feria-de-muestras\" data-id=\"11437\">\r\n\t\t<div class=\"w-grid-item-h\">\r\n\t\t\t\t\t\t<div class=\"w-vwrapper usg_vwrapper_1 external-link-icon align_left valign_top\" style=\"--vwrapper-gap:1rem\"><div class=\"w-vwrapper usg_vwrapper_2 align_none valign_top\" style=\"--vwrapper-gap:0.7rem\"><div class=\"w-post-elm post_image usg_post_image_1 has_ratio\"><a ref=\"magnificPopup\" href=\"https:\/\/www.zenz.de\/wp-content\/uploads\/2026\/01\/klagenfurt.jpg\" aria-label=\"Holzmesse Klagenfurt a partir del 02.09. &#8211; 05.09.2026\"><img loading=\"lazy\" decoding=\"async\" width=\"735\" height=\"414\" src=\"https:\/\/www.zenz.de\/wp-content\/uploads\/2026\/01\/klagenfurt.jpg\" class=\"attachment-full size-full wp-post-image\" alt=\"Feria de la Madera de Klagenfurt\" \/><\/a><div style=\"padding-bottom:75%\"><\/div><\/div><\/div><div class=\"w-post-elm post_taxonomy usg_post_taxonomy_1 style_simple color_link_inherit\"><span class=\"term-49 term-feria-de-muestras\">Feria de muestras<\/span><\/div><h2 class=\"w-post-elm post_title usg_post_title_1 zenz-h4 has_text_color entry-title color_link_inherit\">Holzmesse Klagenfurt a partir del 02.09. &#8211; 05.09.2026<\/h2><div class=\"w-post-elm post_content usg_post_content_1\"><section class=\"l-section wpb_row us_custom_4af741be height_auto\"><div class=\"l-section-h i-cf\"><div class=\"g-cols vc_row via_grid cols_1 laptops-cols_inherit tablets-cols_inherit mobiles-cols_1 valign_top type_default stacking_default\"><div class=\"wpb_column vc_column_container\"><div class=\"vc_column-inner\"><div class=\"wpb_text_column\"><div class=\"wpb_wrapper\"><p>Con m\u00e1s de 500 expositores comerciales de 20 naciones, el d\u00fao ferial \u00abFeria Internacional de la Madera\/HOLZ&amp;BAU\u00bb es el mercado m\u00e1s importante de Europa Central y Sudoriental. Aqu\u00ed encontrar\u00e1s a todos los l\u00edderes del mercado y las \u00faltimas tendencias en una superficie de exposici\u00f3n de 50.000 metros cuadrados.<br \/>\nLa filosof\u00eda de la \u00abFeria Internacional de la Madera\/HOLZ&amp;BAU\u00bb es ofrecer una visi\u00f3n general a lo largo de la cadena de valor: \u00abdel bosque a la madera maciza\u00bb. A trav\u00e9s de esta importante funci\u00f3n, la feria garantiza una mayor interconexi\u00f3n entre los distintos sectores y, por tanto, constituye el caldo de cultivo de cooperaciones de \u00e9xito.<\/p>\n<p><a href=\"https:\/\/www.kaerntnermessen.at\/veranstaltungen\/internationale-holzmesse\/\" target=\"_blank\" rel=\"noopener\">Al sitio web<\/a><\/p>\n<\/div><\/div><\/div><\/div><\/div><\/div><\/section>\n<\/div><\/div>\t\t<\/div>\r\n\t\t\t<\/article>\r\n\t<article class=\"w-grid-item size_1x1 post-11462 post type-post status-publish format-standard has-post-thumbnail hentry category-feria-de-muestras\" data-id=\"11462\">\r\n\t\t<div class=\"w-grid-item-h\">\r\n\t\t\t\t\t\t<div class=\"w-vwrapper usg_vwrapper_1 external-link-icon align_left valign_top\" style=\"--vwrapper-gap:1rem\"><div class=\"w-vwrapper usg_vwrapper_2 align_none valign_top\" style=\"--vwrapper-gap:0.7rem\"><div class=\"w-post-elm post_image usg_post_image_1 has_ratio\"><a ref=\"magnificPopup\" href=\"https:\/\/www.zenz.de\/wp-content\/uploads\/2026\/01\/interforst-scaled.jpg\" aria-label=\"Interforst a partir del 15.10. &#8211; 18.10.2026\"><img loading=\"lazy\" decoding=\"async\" width=\"1920\" height=\"1440\" src=\"https:\/\/www.zenz.de\/wp-content\/uploads\/2026\/01\/interforst-scaled.jpg\" class=\"attachment-full size-full wp-post-image\" alt=\"\" \/><\/a><div style=\"padding-bottom:75%\"><\/div><\/div><\/div><div class=\"w-post-elm post_taxonomy usg_post_taxonomy_1 style_simple color_link_inherit\"><span class=\"term-49 term-feria-de-muestras\">Feria de muestras<\/span><\/div><h2 class=\"w-post-elm post_title usg_post_title_1 zenz-h4 has_text_color entry-title color_link_inherit\">Interforst a partir del 15.10. &#8211; 18.10.2026<\/h2><div class=\"w-post-elm post_content usg_post_content_1\"><section class=\"l-section wpb_row us_custom_4af741be height_auto\"><div class=\"l-section-h i-cf\"><div class=\"g-cols vc_row via_grid cols_1 laptops-cols_inherit tablets-cols_inherit mobiles-cols_1 valign_top type_default stacking_default\"><div class=\"wpb_column vc_column_container\"><div class=\"vc_column-inner\"><div class=\"wpb_text_column\"><div class=\"wpb_wrapper\"><p>INTERFORST es la principal feria internacional de silvicultura y tecnolog\u00eda forestal y se celebra cada cuatro a\u00f1os en el recinto ferial Messe M\u00fcnchen. Experimenta c\u00f3mo el bosque puede desarrollarse con \u00e9xito como factor econ\u00f3mico. Por un lado, mediante el pensamiento innovador y la tecnolog\u00eda forestal inteligente, y por otro, mediante la interacci\u00f3n entre la empresa, la ciencia y la pol\u00edtica.<\/p>\n<p><a href=\"https:\/\/interforst.com\/de\/messe\/\" target=\"_blank\" rel=\"noopener\">Al sitio web<\/a><\/p>\n<\/div><\/div><\/div><\/div><\/div><\/div><\/section>\n<\/div><\/div>\t\t<\/div>\r\n\t\t\t<\/article>\r\n\t<article class=\"w-grid-item size_1x1 post-11515 post type-post status-publish format-standard has-post-thumbnail hentry category-feria-de-muestras\" data-id=\"11515\">\r\n\t\t<div class=\"w-grid-item-h\">\r\n\t\t\t\t\t\t<div class=\"w-vwrapper usg_vwrapper_1 external-link-icon align_left valign_top\" style=\"--vwrapper-gap:1rem\"><div class=\"w-vwrapper usg_vwrapper_2 align_none valign_top\" style=\"--vwrapper-gap:0.7rem\"><div class=\"w-post-elm post_image usg_post_image_1 has_ratio\"><a ref=\"magnificPopup\" href=\"https:\/\/www.zenz.de\/wp-content\/uploads\/2024\/05\/zenz-aktuelles-adventsausstellung.jpg\" aria-label=\"Exposici\u00f3n Zenz Advent Lengmoos el 29.11.2026\"><img loading=\"lazy\" decoding=\"async\" width=\"1000\" height=\"667\" src=\"https:\/\/www.zenz.de\/wp-content\/uploads\/2024\/05\/zenz-aktuelles-adventsausstellung.jpg\" class=\"attachment-full size-full wp-post-image\" alt=\"Exposici\u00f3n de Adviento\" \/><\/a><div style=\"padding-bottom:75%\"><\/div><\/div><\/div><div class=\"w-post-elm post_taxonomy usg_post_taxonomy_1 style_simple color_link_inherit\"><span class=\"term-49 term-feria-de-muestras\">Feria de muestras<\/span><\/div><h2 class=\"w-post-elm post_title usg_post_title_1 zenz-h4 has_text_color entry-title color_link_inherit\">Exposici\u00f3n Zenz Advent Lengmoos el 29.11.2026<\/h2><div class=\"w-post-elm post_content usg_post_content_1\"><section class=\"l-section wpb_row us_custom_4af741be height_auto\"><div class=\"l-section-h i-cf\"><div class=\"g-cols vc_row via_grid cols_1 laptops-cols_inherit tablets-cols_inherit mobiles-cols_1 valign_top type_default stacking_default\"><div class=\"wpb_column vc_column_container\"><div class=\"vc_column-inner\"><div class=\"wpb_text_column\"><div class=\"wpb_wrapper\"><p>Visita la <strong>exposici\u00f3n del Adviento de Zenz en Lengmoos el 29 de noviembre de 2026<\/strong>. Te espera una impresionante presentaci\u00f3n de las mejores marcas y productos de la agricultura y la silvicultura, entre los que se incluyen: Deutz-Fahr, Krone, Zenz Silokamm, Zenz Blockbands\u00e4ge, Husqvarna, P\u00fchringer, Lemken, Kioti, Keenan, Mammut, E.L.F.<\/p>\n<\/div><\/div><\/div><\/div><\/div><\/div><\/section>\n<\/div><\/div>\t\t<\/div>\r\n\t\t\t<\/article>\r\n<\/div><style id=\"grid-post-content-css\">.us_custom_4af741be{padding:0!important;margin:0!important}<\/style>\t<div class=\"w-grid-preloader\">\r\n\t\t<div class=\"g-preloader type_1\">\r\n\t\t\t<div><\/div>\r\n\t\t<\/div>\r\n\t<\/div>\r\n\t\t<div class=\"w-grid-json hidden\" onclick='return {&quot;action&quot;:&quot;us_ajax_grid&quot;,&quot;infinite_scroll&quot;:0,&quot;max_num_pages&quot;:1,&quot;pagination&quot;:&quot;none&quot;,&quot;template_vars&quot;:{&quot;columns&quot;:&quot;2&quot;,&quot;exclude_items&quot;:&quot;none&quot;,&quot;img_size&quot;:&quot;default&quot;,&quot;ignore_items_size&quot;:0,&quot;items_layout&quot;:&quot;274&quot;,&quot;items_offset&quot;:&quot;1&quot;,&quot;load_animation&quot;:&quot;none&quot;,&quot;overriding_link&quot;:&quot;%7B%22url%22%3A%22%22%7D&quot;,&quot;post_id&quot;:0,&quot;query_args&quot;:{&quot;post_type&quot;:[&quot;post&quot;],&quot;tax_query&quot;:[{&quot;taxonomy&quot;:&quot;category&quot;,&quot;field&quot;:&quot;slug&quot;,&quot;terms&quot;:[&quot;feria-de-muestras&quot;,&quot;sierras-de-cinta-para-troncos&quot;,&quot;sin-categorizar&quot;]}],&quot;post_status&quot;:[&quot;publish&quot;,&quot;acf-disabled&quot;],&quot;posts_per_page&quot;:&quot;16&quot;},&quot;orderby_query_args&quot;:{&quot;orderby&quot;:{&quot;date&quot;:&quot;DESC&quot;}},&quot;type&quot;:&quot;grid&quot;,&quot;us_grid_post_type&quot;:&quot;post&quot;,&quot;us_grid_ajax_index&quot;:1,&quot;us_grid_filter_query_string&quot;:null,&quot;us_grid_index&quot;:1,&quot;page_args&quot;:[],&quot;lang&quot;:&quot;es&quot;}}'><\/div>\r\n\t<\/div><\/div><\/div><\/div><\/div><\/section>\n","protected":false},"excerpt":{"rendered":"Visita la exposici\u00f3n del Adviento de Zenz en Lengmoos el 29 de noviembre de 2026. Te espera una impresionante presentaci\u00f3n de las mejores marcas y productos de la agricultura y la silvicultura, entre los que se incluyen: Deutz-Fahr, Krone, Zenz Silokamm, Zenz Blockbands\u00e4ge, Husqvarna, P\u00fchringer, Lemken, Kioti, Keenan, Mammut, E.L.F.","protected":false},"author":1,"featured_media":0,"parent":0,"menu_order":87,"comment_status":"closed","ping_status":"closed","template":"","meta":{"_acf_changed":false,"footnotes":""},"class_list":["post-4202","page","type-page","status-publish","hentry"],"acf":[],"_links":{"self":[{"href":"https:\/\/www.zenz.de\/es\/wp-json\/wp\/v2\/pages\/4202","targetHints":{"allow":["GET"]}}],"collection":[{"href":"https:\/\/www.zenz.de\/es\/wp-json\/wp\/v2\/pages"}],"about":[{"href":"https:\/\/www.zenz.de\/es\/wp-json\/wp\/v2\/types\/page"}],"author":[{"embeddable":true,"href":"https:\/\/www.zenz.de\/es\/wp-json\/wp\/v2\/users\/1"}],"replies":[{"embeddable":true,"href":"https:\/\/www.zenz.de\/es\/wp-json\/wp\/v2\/comments?post=4202"}],"version-history":[{"count":5,"href":"https:\/\/www.zenz.de\/es\/wp-json\/wp\/v2\/pages\/4202\/revisions"}],"predecessor-version":[{"id":11187,"href":"https:\/\/www.zenz.de\/es\/wp-json\/wp\/v2\/pages\/4202\/revisions\/11187"}],"wp:attachment":[{"href":"https:\/\/www.zenz.de\/es\/wp-json\/wp\/v2\/media?parent=4202"}],"curies":[{"name":"wp","href":"https:\/\/api.w.org\/{rel}","templated":true}]}}