{"id":4831,"date":"2024-06-26T11:56:21","date_gmt":"2024-06-26T09:56:21","guid":{"rendered":"https:\/\/www.zenz.de\/representantes-de-fabrica\/"},"modified":"2025-06-20T11:02:46","modified_gmt":"2025-06-20T09:02:46","slug":"representantes-de-fabrica","status":"publish","type":"page","link":"https:\/\/www.zenz.de\/es\/sierras-de-cinta-para-troncos\/representantes-de-fabrica\/","title":{"rendered":"Representantes de f\u00e1brica"},"content":{"rendered":"<section class=\"l-section wpb_row height_auto width_full\"><div class=\"l-section-h i-cf\"><div class=\"g-cols vc_row via_grid cols_1 laptops-cols_inherit tablets-cols_inherit mobiles-cols_1 valign_top type_default stacking_default\"><div class=\"wpb_column vc_column_container\"><div class=\"vc_column-inner\"><section class=\"l-section wpb_row us_custom_f8319ad1 height_custom with_img\"><div class=\"l-section-img\" role=\"img\" aria-label=\"Hintergrund\u00fcberlagerung\" data-img-width=\"1920\" data-img-height=\"805\" style=\"background-image: url(https:\/\/www.zenz.de\/wp-content\/uploads\/2024\/05\/zenz-hero-hintergrundueberlagerung.png);\"><\/div><div class=\"l-section-h i-cf\"><div class=\"g-cols vc_row via_grid cols_1 laptops-cols_inherit tablets-cols_inherit mobiles-cols_1 valign_bottom type_default stacking_default\"><div class=\"wpb_column vc_column_container us_custom_e8177b5d\"><div class=\"vc_column-inner\"><h1 class=\"w-post-elm post_custom_field us_custom_6e203e2a has_text_color us_animate_this type_text ueberschrift color_link_inherit\"><span class=\"w-post-elm-value\">Representantes de f\u00e1brica<\/span><\/h1><\/div><\/div><\/div><\/div><\/section>\n<\/div><\/div><\/div><\/div><\/section><section class=\"l-section wpb_row us_custom_7befa01b zenz-container height_custom\"><div class=\"l-section-h i-cf\"><div class=\"g-cols vc_row via_grid cols_1 laptops-cols_inherit tablets-cols_inherit mobiles-cols_1 valign_top type_default stacking_default\"><div class=\"wpb_column vc_column_container\"><div class=\"vc_column-inner\"><div class=\"w-vwrapper align_center valign_top\" style=\"--vwrapper-gap:1.5rem\"><div class=\"wpb_text_column\"><div class=\"wpb_wrapper\"><h2>Representantes de f\u00e1brica<\/h2>\n<\/div><\/div><div class=\"wpb_text_column us_custom_6e74c4b0\"><div class=\"wpb_wrapper\"><p>Nuestras sierras de cinta para troncos son reconocidas en todo el mundo por su calidad y fiabilidad. Para poder ofrecerte siempre el mejor servicio, encontrar\u00e1s a nuestros representantes de f\u00e1brica en todo el mundo.<\/p>\n<\/div><\/div><div class=\"w-btn-wrapper align_none\"><a class=\"w-btn us-btn-style_1\" href=\"#werksvertretungen\"><span class=\"w-btn-label\">A los representantes de la f\u00e1brica<\/span><\/a><\/div><\/div><\/div><\/div><\/div><\/div><\/section><section class=\"l-section wpb_row external-link-icon height_custom\" id=\"werksvertretungen\"><div class=\"l-section-h i-cf\"><div class=\"g-cols vc_row via_grid cols_1 laptops-cols_inherit tablets-cols_inherit mobiles-cols_1 valign_top type_default stacking_default\"><div class=\"wpb_column vc_column_container\"><div class=\"vc_column-inner\"><div class=\"wpb_text_column\"><div class=\"wpb_wrapper\"><h2><span class=\"zenz-font-regular\">Nuestros representantes autorizados <\/span>en los alrededores<\/h2>\n<\/div><\/div><div class=\"w-separator size_custom\" style=\"height:2rem\"><\/div><div class=\"w-html\">\t<div style=\"overflow-x: auto;\">\n<div class=\"table-container\">\n    <table>\n        <thead>\n            <tr>\n                <th>T\u00edtulo<\/th>\n                <th>Direcci\u00f3n<\/th>\n            <\/tr>\n        <\/thead>\n        <tbody>\n            <tr>\n                <td><strong>Argentina<\/strong><br>Inglamiaux<br>  Tel\u00e9fono: <a href=\" 9376%tel:+54 204641 177\">0054 9376 4641 177<\/a><br>  Correo electr\u00f3nico: <a href=\"mailto:inglamiaux@gmail.com\">inglamiaux@gmail.com<\/a><br>  Web: <a href=\"https:\/\/inglamiaux.com.ar\" target=\"_blank\" rel=\"noopener\">www.inglamiaux.com.ar<\/a><\/td>\n                <td>C. 140 6855, N3303 Posadas, Misiones, Argentina<\/td>\n            <\/tr>\n            <tr>\n                <td><strong>Francia<\/strong><br>GIRAUD<br>  Tel\u00e9fono: <a href=\" 4772%tel:+33 2049166\">0033 4772 49166<\/a><br>  correo electr\u00f3nico: <a href=\"mailto:contact@giraudforest.com\">contact@giraudforest.com<\/a><br>  Web: <a href=\"https:\/\/www.giraudforest.com\" target=\"_blank\" rel=\"noopener\">www.giraudforest.com<\/a><\/td>\n                <td>L'\u00c9tang, 42440 Les Salles, Francia<\/td>\n            <\/tr>\n            <tr>\n                <td><strong>Gran Breta\u00f1a<\/strong><br>M. Large Tree Services Ltd.<br>  Tel\u00e9fono: <a href=\"tel:+442890342838\">0044-2890 342838<\/a><br>  Fax: 0044-2890 837377<\/br>\n  M\u00f3vil: <a href=\"tel:+44-7831 831071\">0044-7831 831071<\/a><br>  Correo electr\u00f3nico: <a href=\"mailto:michael@m-large.com\">michael@m-large.com<\/a><br>  Web: <a href=\"http:\/\/www.m-large.com\" target=\"_blank\" rel=\"noopener\">www.m-large.com<\/a><\/td>\n                <td>Coolewell, Glengormley, Newtownabbey BT36 7LN, Reino Unido<\/td>\n            <\/tr>\n            <tr>\n                <td><strong>Irlanda<\/strong><br>M. Large Tree Services Ltd.<br>  Tel\u00e9fono: <a href=\"tel:+442890342838\">0044-2890 342838<\/a><br>  Fax: 0044-2890 837377<\/br>\n  M\u00f3vil: <a href=\"tel:+44-7831 831071\">0044-7831 831071<\/a><br>  Correo electr\u00f3nico: <a href=\"mailto:michael@m-large.com\">michael@m-large.com<\/a><br>  Web: <a href=\"http:\/\/www.m-large.com\" target=\"_blank\" rel=\"noopener\">www.m-large.com<\/a><\/td>\n                <td>Coolewell, Glengormley, Newtownabbey BT36 7LN, Reino Unido<\/td>\n            <\/tr>\n            <tr>\n                <td><strong>Noruega<\/strong><br>Miljosaga Kleivane<br>  Tel\u00e9fono: <a href=\"tel:+4745039404\">0047-45039404<\/a><br>  Fax: 0047-3811-8848<br>  Correo electr\u00f3nico: <a href=\"mailto:jk@miljosaga.no\">jk@miljosaga.no<\/a><br>  Web: <a href=\"https:\/\/www.miljosaga.no\/\" target=\"_blank\" rel=\"noopener\">www.miljosaga.no<\/a><\/td>\n                <td>Setesdalsvu 417, Mosby, Noruega<\/td>\n            <\/tr>\n            <tr>\n                <td><strong>Portugal<\/strong><br>Grupo AG<br>  Tel\u00e9fono: <a href=\"tel:+34974422807\">0034 974 422 807<\/a><br>  Correo electr\u00f3nico: <a href=\"mailto:info@ag-group.es\">info@ag-group.es<\/a><br>  Web: <a href=\"https:\/\/www.ag-group.es\" target=\"_blank\" rel=\"noopener\">www.ag-group.es<\/a><\/td>\n                <td>22550 Tamarite de Litera, Provincia de Huesca, Espa\u00f1a<\/td>\n            <\/tr>\n            <tr>\n                <td><strong>Ruman\u00eda<\/strong><br>GSS Woodex<br>  Tel\u00e9fono: <a href=\" 31%tel:+40 20808 8063\">0040 31 808 8063<\/a><br>  M\u00f3vil: <a href=\" 737%tel:+40 20249 429\">0040 737 249 429<\/a><br>  Correo electr\u00f3nico: <a href=\"mailto:office@gsswoodex.ro\">office@gsswoodex.ro<\/a><br>  Web: <a href=\"https:\/\/www.gsswoodex.ro\" target=\"_blank\" rel=\"noopener\">www.gsswoodex.ro<\/a><\/td>\n                <td>Aleea Borcea 6, Bucure\u0219ti, Ruman\u00eda<\/td>\n            <\/tr>\n            <tr>\n                <td><strong>Suecia<\/strong><br>Dolk, Henrik Per Magnus<br>  Tel\u00e9fono: <a href=\"tel:+46705312418\">0046-70-5312418<\/a><br>  Correo electr\u00f3nico: <a href=\"mailto:info@albogatrateknik.se\">info@albogatrateknik.se<\/a><br>  Web: <a href=\"https:\/\/www.albogatrateknik.se\" target=\"_blank\" rel=\"noopener\">www.albogatrateknik.se<\/a><\/td>\n                <td>524 96 Alboga, Suecia<\/td>\n            <\/tr>\n            <tr>\n                <td><strong>Eslovaquia<\/strong><br>Baljer-Zembrod CZ<br>  Tel\u00e9fono: <a href=\"tel:+420548216456\">00420-548-216-456<\/a><br>  Fax: 00420-548-216-270<\/br>\n  M\u00f3vil: <a href=\"tel:+420602551358\">00420-602-551-358<\/a><br>  Correo electr\u00f3nico: <a href=\"mailto:mail@baljer-zembrod.cz\">mail@baljer-zembrod.cz<\/a><br>  Web: <a href=\"https:\/\/www.baljer-zembrod.cz\" target=\"_blank\" rel=\"noopener\">www.baljer-zembrod.cz<\/a><\/td>\n                <td>Svatopetrsk\u00e1 35\/7, 617 00 Brno-jih-Kom\u00e1rov, Rep\u00fablica Checa<\/td>\n            <\/tr>\n            <tr>\n                <td><strong>Espa\u00f1a<\/strong><br>Grupo AG<br>  Tel\u00e9fono: <a href=\"tel:+34974422807\">0034 974 422 807<\/a><br>  Correo electr\u00f3nico: <a href=\"mailto:info@ag-group.es\">info@ag-group.es<\/a><br>  Web: <a href=\"https:\/\/www.ag-group.es\" target=\"_blank\" rel=\"noopener\">www.ag-group.es<\/a><\/td>\n                <td>22550 Tamarite de Litera, Provincia de Huesca, Espa\u00f1a<\/td>\n            <\/tr>\n            <tr>\n                <td><strong>Rep\u00fablica Checa<\/strong><br>Baljer-Zembrod CZ<br>  Tel\u00e9fono: <a href=\"tel:+420548216456\">00420-548-216-456<\/a><br>  Fax: 00420-548-216-270<\/br>\n  M\u00f3vil: <a href=\"tel:+420602551358\">00420-602-551-358<\/a><br>  Correo electr\u00f3nico: <a href=\"mailto:mail@baljer-zembrod.cz\">mail@baljer-zembrod.cz<\/a><br>  Web: <a href=\"https:\/\/www.baljer-zembrod.cz\" target=\"_blank\" rel=\"noopener\">www.baljer-zembrod.cz<\/a><\/td>\n                <td>Svatopetrsk\u00e1 35\/7, 617 00 Brno-jih-Kom\u00e1rov, Rep\u00fablica Checa<\/td>\n            <\/tr>\n        <\/tbody>\n    <\/table>\n<\/div>\n<\/div><\/div><\/div><\/div><\/div><\/div><\/section>\n","protected":false},"excerpt":{"rendered":"Representantes de f\u00e1brica Representantes de f\u00e1brica Nuestras sierras de cinta para troncos son reconocidas en todo el mundo por su calidad y fiabilidad. Para poder ofrecerte siempre el mejor servicio, encontrar\u00e1s a nuestros representantes de f\u00e1brica en todo el mundo. A los representantes de la f\u00e1bricaNuestros representantes autorizados en los alrededores T\u00edtulo Direcci\u00f3n ArgentinaInglamiaux Tel\u00e9fono:...","protected":false},"author":1,"featured_media":0,"parent":8637,"menu_order":38,"comment_status":"closed","ping_status":"closed","template":"","meta":{"_acf_changed":false,"footnotes":""},"class_list":["post-4831","page","type-page","status-publish","hentry"],"acf":[],"_links":{"self":[{"href":"https:\/\/www.zenz.de\/es\/wp-json\/wp\/v2\/pages\/4831","targetHints":{"allow":["GET"]}}],"collection":[{"href":"https:\/\/www.zenz.de\/es\/wp-json\/wp\/v2\/pages"}],"about":[{"href":"https:\/\/www.zenz.de\/es\/wp-json\/wp\/v2\/types\/page"}],"author":[{"embeddable":true,"href":"https:\/\/www.zenz.de\/es\/wp-json\/wp\/v2\/users\/1"}],"replies":[{"embeddable":true,"href":"https:\/\/www.zenz.de\/es\/wp-json\/wp\/v2\/comments?post=4831"}],"version-history":[{"count":38,"href":"https:\/\/www.zenz.de\/es\/wp-json\/wp\/v2\/pages\/4831\/revisions"}],"predecessor-version":[{"id":10931,"href":"https:\/\/www.zenz.de\/es\/wp-json\/wp\/v2\/pages\/4831\/revisions\/10931"}],"up":[{"embeddable":true,"href":"https:\/\/www.zenz.de\/es\/wp-json\/wp\/v2\/pages\/8637"}],"wp:attachment":[{"href":"https:\/\/www.zenz.de\/es\/wp-json\/wp\/v2\/media?parent=4831"}],"curies":[{"name":"wp","href":"https:\/\/api.w.org\/{rel}","templated":true}]}}