{"id":4866,"date":"2024-06-17T17:03:49","date_gmt":"2024-06-17T15:03:49","guid":{"rendered":"https:\/\/www.zenz.de\/ofertas\/"},"modified":"2024-10-08T11:07:49","modified_gmt":"2024-10-08T09:07:49","slug":"ofertas","status":"publish","type":"page","link":"https:\/\/www.zenz.de\/es\/ofertas\/","title":{"rendered":"Ofertas"},"content":{"rendered":"<section class=\"l-section wpb_row height_auto width_full\"><div class=\"l-section-h i-cf\"><div class=\"g-cols vc_row via_grid cols_1 laptops-cols_inherit tablets-cols_inherit mobiles-cols_1 valign_top type_default stacking_default\"><div class=\"wpb_column vc_column_container\"><div class=\"vc_column-inner\"><section class=\"l-section wpb_row us_custom_f8319ad1 height_custom with_img\"><div class=\"l-section-img\" role=\"img\" aria-label=\"Hintergrund\u00fcberlagerung\" data-img-width=\"1920\" data-img-height=\"805\" style=\"background-image: url(https:\/\/www.zenz.de\/wp-content\/uploads\/2024\/05\/zenz-hero-hintergrundueberlagerung.png);\"><\/div><div class=\"l-section-h i-cf\"><div class=\"g-cols vc_row via_grid cols_1 laptops-cols_inherit tablets-cols_inherit mobiles-cols_1 valign_bottom type_default stacking_default\"><div class=\"wpb_column vc_column_container us_custom_e8177b5d\"><div class=\"vc_column-inner\"><h1 class=\"w-post-elm post_custom_field us_custom_6e203e2a has_text_color us_animate_this type_text ueberschrift color_link_inherit\"><span class=\"w-post-elm-value\">Nuestras ofertas<\/br><span class=\"zenz-font-regular\">para ti<\/span><\/span><\/h1><\/div><\/div><\/div><\/div><\/section>\n<\/div><\/div><\/div><\/div><\/section><section class=\"l-section wpb_row us_custom_7befa01b zenz-container height_custom\"><div class=\"l-section-h i-cf\"><div class=\"g-cols vc_row via_grid cols_1 laptops-cols_inherit tablets-cols_inherit mobiles-cols_1 valign_top type_default stacking_default\"><div class=\"wpb_column vc_column_container\"><div class=\"vc_column-inner\"><div class=\"w-vwrapper align_center valign_top\" style=\"--vwrapper-gap:1.5rem\"><div class=\"wpb_text_column\"><div class=\"wpb_wrapper\"><h2><span class=\"zenz-font-regular\">Recambios<\/span> de alta calidad <span class=\"zenz-font-regular\">y servicio de taller<\/span><\/h2>\n<\/div><\/div><div class=\"wpb_text_column us_custom_6e74c4b0\"><div class=\"wpb_wrapper\"><p><span>Te ofrecemos maquinaria agr\u00edcola y forestal de alto rendimiento, as\u00ed como recambios de primera clase y un completo servicio de taller. Tanto si se trata de mantenimiento peri\u00f3dico como de entrega r\u00e1pida de piezas de recambio, con nosotros tus m\u00e1quinas est\u00e1n en las mejores manos. <\/span><\/p>\n<\/div><\/div><div class=\"w-hwrapper valign_top wrap align_center\" style=\"--hwrapper-gap:1.2rem\"><div class=\"w-btn-wrapper align_none\"><a class=\"w-btn us-btn-style_5\" href=\"#ersatzteile\"><span class=\"w-btn-label\">Piezas de recambio<\/span><\/a><\/div><div class=\"w-btn-wrapper align_none\"><a class=\"w-btn us-btn-style_5\" href=\"#werkstatt\"><span class=\"w-btn-label\">Taller<\/span><\/a><\/div><\/div><\/div><\/div><\/div><\/div><\/div><\/section><section class=\"l-section wpb_row angebote height_custom width_custom\" style=\"--site-content-width:1140px;\" id=\"ersatzteile\"><div class=\"l-section-h i-cf\"><div class=\"g-cols vc_row via_grid cols_1 laptops-cols_inherit tablets-cols_inherit mobiles-cols_1 valign_top type_default stacking_default\"><div class=\"wpb_column vc_column_container\"><div class=\"vc_column-inner\"><div class=\"wpb_text_column\"><div class=\"wpb_wrapper\"><h2>Piezas de recambio<\/h2>\n<\/div><\/div><div class=\"w-separator size_custom\" style=\"height:2rem\"><\/div><div class=\"w-grid us_grid type_grid layout_309 cols_2 preload_style_spinner\" id=\"us_grid_1\" style=\"--columns:2;--gap:1.5rem;\" data-filterable=\"true\"><style>@media (max-width:480px){#us_grid_1{--columns:1!important}}.layout_309 .w-grid-item-h{}.layout_309 .usg_post_image_1{max-width:60%!important;margin-left:auto!important;margin-right:auto!important}.layout_309 .usg_post_title_1{color:var(--color-alt-content-primary)!important}.layout_309 .usg_vwrapper_1{position:static!important}.layout_309 .usg_hwrapper_1{width:100%!important;padding:6%!important;border:10px solid var(--color-content-border)!important}<\/style><div class=\"w-grid-list\">\t<article class=\"w-grid-item size_1x1 post-4420 angebote_zenz type-angebote_zenz status-publish has-post-thumbnail hentry\" data-id=\"4420\">\r\n\t\t<div class=\"w-grid-item-h\">\r\n\t\t\t\t\t\t<div class=\"w-vwrapper usg_vwrapper_1 align_left valign_top\" style=\"--vwrapper-gap:1rem\"><div class=\"w-hwrapper usg_hwrapper_1 align_center valign_top\" style=\"--hwrapper-gap:1.2rem\"><div class=\"w-post-elm post_image usg_post_image_1 zenz-angebote-img has_ratio\"><img loading=\"lazy\" decoding=\"async\" width=\"485\" height=\"775\" src=\"https:\/\/www.zenz.de\/wp-content\/uploads\/2024\/06\/husqvarna-geraetebenzin-xp-power.png\" class=\"attachment-full size-full wp-post-image\" alt=\"\" \/><div style=\"padding-bottom:100%\"><\/div><\/div><\/div><h3 class=\"w-post-elm post_title usg_post_title_1 zenz-h4 has_text_color entry-title color_link_inherit\">Husqvarna XP Power gasolina<\/h3><div class=\"w-post-elm post_content usg_post_content_1\"><p>Gasolina de alta calidad para un rendimiento y una durabilidad \u00f3ptimos del motor.<\/p>\n<p><span class=\"zenz-font-grey\">25 litros &#8211; 107,00 \u20ac<br \/>\n5 litros &#8211; 21,95 \u20ac<\/span><\/p>\n<\/div><\/div>\t\t<\/div>\r\n\t\t\t<\/article>\r\n\t<article class=\"w-grid-item size_1x1 post-4418 angebote_zenz type-angebote_zenz status-publish has-post-thumbnail hentry\" data-id=\"4418\">\r\n\t\t<div class=\"w-grid-item-h\">\r\n\t\t\t\t\t\t<div class=\"w-vwrapper usg_vwrapper_1 align_left valign_top\" style=\"--vwrapper-gap:1rem\"><div class=\"w-hwrapper usg_hwrapper_1 align_center valign_top\" style=\"--hwrapper-gap:1.2rem\"><div class=\"w-post-elm post_image usg_post_image_1 zenz-angebote-img has_ratio\"><img loading=\"lazy\" decoding=\"async\" width=\"1000\" height=\"667\" src=\"https:\/\/www.zenz.de\/wp-content\/uploads\/2024\/06\/zenz-angebote-krone-wickelnetz.jpg\" class=\"attachment-full size-full wp-post-image\" alt=\"\" \/><div style=\"padding-bottom:100%\"><\/div><\/div><\/div><h3 class=\"w-post-elm post_title usg_post_title_1 zenz-h4 has_text_color entry-title color_link_inherit\">Red de bobinado Krone Edge X-tra 2.600 mtr.<\/h3><div class=\"w-post-elm post_content usg_post_content_1\"><p>Red de envoltura profesional con una longitud de 2.600 metros.<br \/>\nIdeal para envolver balas de forma segura y eficaz.<\/p>\n<p><span class=\"zenz-font-grey\">185,00 \u20ac<\/span><\/p>\n<\/div><\/div>\t\t<\/div>\r\n\t\t\t<\/article>\r\n\t<article class=\"w-grid-item size_1x1 post-4415 angebote_zenz type-angebote_zenz status-publish has-post-thumbnail hentry\" data-id=\"4415\">\r\n\t\t<div class=\"w-grid-item-h\">\r\n\t\t\t\t\t\t<div class=\"w-vwrapper usg_vwrapper_1 align_left valign_top\" style=\"--vwrapper-gap:1rem\"><div class=\"w-hwrapper usg_hwrapper_1 align_center valign_top\" style=\"--hwrapper-gap:1.2rem\"><div class=\"w-post-elm post_image usg_post_image_1 zenz-angebote-img has_ratio\"><img loading=\"lazy\" decoding=\"async\" width=\"1000\" height=\"738\" src=\"https:\/\/www.zenz.de\/wp-content\/uploads\/2024\/07\/zenz-angebote-schubkarrenreifen.png\" class=\"attachment-full size-full wp-post-image\" alt=\"\" \/><div style=\"padding-bottom:100%\"><\/div><\/div><\/div><h3 class=\"w-post-elm post_title usg_post_title_1 zenz-h4 has_text_color entry-title color_link_inherit\">Neum\u00e1tico para carretilla con c\u00e1mara de aire 4.00\u00d78\/4 PLY 015<\/h3><div class=\"w-post-elm post_content usg_post_content_1\"><p>Robusto neum\u00e1tico para carretillas, tama\u00f1o 4,00\u00d78\/4 PLY 015.<br \/>\nIncluye c\u00e1mara de aire, ideal para aplicaciones duras.<\/p>\n<p><span class=\"zenz-font-grey\">9,90 \u20ac<\/span><\/p>\n<\/div><\/div>\t\t<\/div>\r\n\t\t\t<\/article>\r\n\t<article class=\"w-grid-item size_1x1 post-4412 angebote_zenz type-angebote_zenz status-publish has-post-thumbnail hentry\" data-id=\"4412\">\r\n\t\t<div class=\"w-grid-item-h\">\r\n\t\t\t\t\t\t<div class=\"w-vwrapper usg_vwrapper_1 align_left valign_top\" style=\"--vwrapper-gap:1rem\"><div class=\"w-hwrapper usg_hwrapper_1 align_center valign_top\" style=\"--hwrapper-gap:1.2rem\"><div class=\"w-post-elm post_image usg_post_image_1 zenz-angebote-img has_ratio\"><img loading=\"lazy\" decoding=\"async\" width=\"1000\" height=\"917\" src=\"https:\/\/www.zenz.de\/wp-content\/uploads\/2024\/07\/zenz-angebote-motorenoel.jpg\" class=\"attachment-full size-full wp-post-image\" alt=\"\" \/><div style=\"padding-bottom:100%\"><\/div><\/div><\/div><h3 class=\"w-post-elm post_title usg_post_title_1 zenz-h4 has_text_color entry-title color_link_inherit\">Aceite de motor 15W40 \/ 20 litros<\/h3><div class=\"w-post-elm post_content usg_post_content_1\"><p>Aceite de motor de alta calidad para diversas m\u00e1quinas, viscosidad 15W40, disponible en bidones de 20 litros por<\/p>\n<p><span class=\"zenz-font-grey\">69,00 \u20ac<\/span><\/p>\n<\/div><\/div>\t\t<\/div>\r\n\t\t\t<\/article>\r\n\t<article class=\"w-grid-item size_1x1 post-4407 angebote_zenz type-angebote_zenz status-publish has-post-thumbnail hentry\" data-id=\"4407\">\r\n\t\t<div class=\"w-grid-item-h\">\r\n\t\t\t\t\t\t<div class=\"w-vwrapper usg_vwrapper_1 align_left valign_top\" style=\"--vwrapper-gap:1rem\"><div class=\"w-hwrapper usg_hwrapper_1 align_center valign_top\" style=\"--hwrapper-gap:1.2rem\"><div class=\"w-post-elm post_image usg_post_image_1 zenz-angebote-img has_ratio\"><img loading=\"lazy\" decoding=\"async\" width=\"204\" height=\"711\" src=\"https:\/\/www.zenz.de\/wp-content\/uploads\/2024\/07\/zenz-angebote-bremsenreiniger.jpeg\" class=\"attachment-full size-full wp-post-image\" alt=\"\" \/><div style=\"padding-bottom:100%\"><\/div><\/div><\/div><h3 class=\"w-post-elm post_title usg_post_title_1 zenz-h4 has_text_color entry-title color_link_inherit\">Limpiador de frenos 500 ml (caja de 6)<\/h3><div class=\"w-post-elm post_content usg_post_content_1\"><p>Eficaz limpiador de frenos para una limpieza r\u00e1pida y a fondo.<br \/>\nCaja con 6 piezas por<\/p>\n<p><span class=\"zenz-font-grey\">19,95 \u20ac<\/span><\/p>\n<\/div><\/div>\t\t<\/div>\r\n\t\t\t<\/article>\r\n\t<article class=\"w-grid-item size_1x1 post-4403 angebote_zenz type-angebote_zenz status-publish has-post-thumbnail hentry\" data-id=\"4403\">\r\n\t\t<div class=\"w-grid-item-h\">\r\n\t\t\t\t\t\t<div class=\"w-vwrapper usg_vwrapper_1 align_left valign_top\" style=\"--vwrapper-gap:1rem\"><div class=\"w-hwrapper usg_hwrapper_1 align_center valign_top\" style=\"--hwrapper-gap:1.2rem\"><div class=\"w-post-elm post_image usg_post_image_1 zenz-angebote-img has_ratio\"><img loading=\"lazy\" decoding=\"async\" width=\"567\" height=\"240\" src=\"https:\/\/www.zenz.de\/wp-content\/uploads\/2024\/07\/zenz-angebote-frontladerzinken.jpeg\" class=\"attachment-full size-full wp-post-image\" alt=\"\" \/><div style=\"padding-bottom:100%\"><\/div><\/div><\/div><h3 class=\"w-post-elm post_title usg_post_title_1 zenz-h4 has_text_color entry-title color_link_inherit\">P\u00faas del cargador frontal K1 810 mm<\/h3><div class=\"w-post-elm post_content usg_post_content_1\"><p>Robusto diente de cargador frontal, longitud 810 mm. Perfecto para aplicaciones agr\u00edcolas vers\u00e1tiles.<\/p>\n<p><span class=\"zenz-font-grey\">15,00 \u20ac<\/span><\/p>\n<\/div><\/div>\t\t<\/div>\r\n\t\t\t<\/article>\r\n\t<article class=\"w-grid-item size_1x1 post-4399 angebote_zenz type-angebote_zenz status-publish has-post-thumbnail hentry\" data-id=\"4399\">\r\n\t\t<div class=\"w-grid-item-h\">\r\n\t\t\t\t\t\t<div class=\"w-vwrapper usg_vwrapper_1 align_left valign_top\" style=\"--vwrapper-gap:1rem\"><div class=\"w-hwrapper usg_hwrapper_1 align_center valign_top\" style=\"--hwrapper-gap:1.2rem\"><div class=\"w-post-elm post_image usg_post_image_1 zenz-angebote-img has_ratio\"><img loading=\"lazy\" decoding=\"async\" width=\"965\" height=\"2560\" src=\"https:\/\/www.zenz.de\/wp-content\/uploads\/2024\/07\/zenz-angebote-kabelbinder.jpeg\" class=\"attachment-full size-full wp-post-image\" alt=\"\" \/><div style=\"padding-bottom:100%\"><\/div><\/div><\/div><h3 class=\"w-post-elm post_title usg_post_title_1 zenz-h4 has_text_color entry-title color_link_inherit\">Surtido de bridas 1000 unid.<\/h3><div class=\"w-post-elm post_content usg_post_content_1\"><p>Pr\u00e1ctico surtido de bridas con 1.000 piezas.<br \/>\nIdeales para tareas vers\u00e1tiles de sujeci\u00f3n y organizaci\u00f3n.<\/p>\n<p><span class=\"zenz-font-grey\">15,00 \u20ac<\/span><\/p>\n<\/div><\/div>\t\t<\/div>\r\n\t\t\t<\/article>\r\n<\/div>\t<div class=\"w-grid-preloader\">\r\n\t\t<div class=\"g-preloader type_1\">\r\n\t\t\t<div><\/div>\r\n\t\t<\/div>\r\n\t<\/div>\r\n\t\t<div class=\"w-grid-json hidden\" onclick='return {&quot;action&quot;:&quot;us_ajax_grid&quot;,&quot;infinite_scroll&quot;:0,&quot;max_num_pages&quot;:1,&quot;pagination&quot;:&quot;none&quot;,&quot;template_vars&quot;:{&quot;columns&quot;:&quot;2&quot;,&quot;exclude_items&quot;:&quot;none&quot;,&quot;img_size&quot;:&quot;default&quot;,&quot;ignore_items_size&quot;:0,&quot;items_layout&quot;:&quot;309&quot;,&quot;items_offset&quot;:&quot;1&quot;,&quot;load_animation&quot;:&quot;none&quot;,&quot;overriding_link&quot;:&quot;%7B%22url%22%3A%22%22%7D&quot;,&quot;post_id&quot;:0,&quot;query_args&quot;:{&quot;post_type&quot;:[&quot;angebote_zenz&quot;],&quot;post_status&quot;:[&quot;publish&quot;,&quot;acf-disabled&quot;],&quot;posts_per_page&quot;:&quot;10&quot;},&quot;orderby_query_args&quot;:{&quot;orderby&quot;:{&quot;date&quot;:&quot;ASC&quot;}},&quot;type&quot;:&quot;grid&quot;,&quot;us_grid_post_type&quot;:&quot;angebote_zenz&quot;,&quot;us_grid_ajax_index&quot;:1,&quot;us_grid_filter_query_string&quot;:null,&quot;us_grid_index&quot;:1,&quot;page_args&quot;:[],&quot;lang&quot;:&quot;es&quot;}}'><\/div>\r\n\t<\/div><div class=\"w-separator size_custom\" style=\"height:2rem\"><\/div><h3 class=\"w-text us_custom_62f46617\"><span class=\"w-text-h\"><span class=\"w-text-value\">\u00a1Ll\u00e1manos ahora y aseg\u00farate la oferta!<\/span><\/span><\/h3><div class=\"w-hwrapper valign_top wrap align_center\" style=\"--hwrapper-gap:1.2rem\"><div class=\"w-btn-wrapper align_none\"><a class=\"w-btn us-btn-style_3 icon_atleft\" href=\"tel:+49807291940\"><i class=\"fas fa-phone\"><\/i><span class=\"w-btn-label\">+49 8072 9194-0<\/span><\/a><\/div><div class=\"w-btn-wrapper align_none\"><a class=\"w-btn us-btn-style_5\" href=\"https:\/\/www.zenz.de\/es\/?page_id=4207#kontaktformular\"><span class=\"w-btn-label\">Al formulario de contacto<\/span><\/a><\/div><\/div><\/div><\/div><\/div><\/div><\/section><section class=\"l-section wpb_row us_custom_c70c97eb height_custom\" id=\"werkstatt\"><div class=\"l-section-h i-cf\"><div class=\"g-cols vc_row via_grid cols_1 laptops-cols_inherit tablets-cols_inherit mobiles-cols_1 valign_top type_default stacking_default\"><div class=\"wpb_column vc_column_container\"><div class=\"vc_column-inner\"><div class=\"w-vwrapper align_center valign_top\" style=\"--vwrapper-gap:1.5rem\"><div class=\"wpb_text_column\"><div class=\"wpb_wrapper\"><h2>Taller<\/h2>\n<\/div><\/div><div class=\"wpb_text_column us_custom_6e74c4b0\"><div class=\"wpb_wrapper\"><p><span>Nuestro competente equipo garantiza que tus m\u00e1quinas funcionen siempre de forma \u00f3ptima. Nuestro taller ofrece mantenimiento profesional y reparaciones r\u00e1pidas para maximizar la disponibilidad operativa de tus m\u00e1quinas. <\/span><\/p>\n<\/div><\/div><\/div><div class=\"w-separator size_custom\" style=\"height:3rem\"><\/div><div class=\"g-cols wpb_row via_grid cols_2 laptops-cols_inherit tablets-cols_inherit mobiles-cols_1 valign_top type_default stacking_default\" style=\"--columns-gap:3rem;\"><div class=\"wpb_column vc_column_container us_custom_c03d78a6\"><div class=\"vc_column-inner\"><h3 class=\"w-text\"><span class=\"w-text-h\"><span class=\"w-text-value\">Servicio de atenci\u00f3n al cliente de cortac\u00e9spedes<\/span><\/span><\/h3><div class=\"wpb_text_column\"><div class=\"wpb_wrapper\"><ul>\n<li><span>Cambio de aceite del motor<\/span><br \/>\n<span><\/span><\/li>\n<li><span>Afilar y equilibrar cuchillos<\/span><br \/>\n<span><\/span><\/li>\n<li><span>Sustituye la buj\u00eda <\/span><\/li>\n<li><span>Comprueba el filtro de aire, el carburador y el dep\u00f3sito <\/span><\/li>\n<li><span>Limpia el bloque motor y las aletas de refrigeraci\u00f3n <\/span><\/li>\n<li><span>Depuraci\u00f3n intensiva del agua caliente <\/span><\/li>\n<li><span>Revisi\u00f3n general <\/span><\/li>\n<\/ul>\n<\/div><\/div><div class=\"w-separator size_custom with_line width_default thick_1 style_solid color_border align_center\" style=\"height:3rem\"><div class=\"w-separator-h\"><\/div><\/div><div class=\"wpb_text_column\"><div class=\"wpb_wrapper\"><h4>S\u00f3lo 59,00 \u20ac<\/h4>\n<p><span>Con servicio de recogida y entrega a petici\u00f3n<\/span><\/p>\n<p><span>hasta <strong>5 km<\/strong> <strong>79,00 \u20ac<br \/>\n<\/strong>hasta <strong>20 km<\/strong> <strong>94,00 \u20ac<\/strong><\/span><\/p>\n<\/div><\/div><\/div><\/div><div class=\"wpb_column vc_column_container us_custom_c03d78a6\"><div class=\"vc_column-inner\"><h3 class=\"w-text\"><span class=\"w-text-h\"><span class=\"w-text-value\">Servicio de atenci\u00f3n al cliente de cortac\u00e9spedes con asiento<\/span><\/span><\/h3><div class=\"wpb_text_column\"><div class=\"wpb_wrapper\"><ul>\n<li><span>Cambio de aceite y filtro del motor<\/span><br \/>\n<span><\/span><\/li>\n<li><span>Afilar y equilibrar cuchillos <\/span><\/li>\n<li><span>Comprobar y ajustar el encendido<\/span><br \/>\n<span><\/span><\/li>\n<li><span>Sustituye la buj\u00eda <\/span><\/li>\n<li><span>Comprueba el filtro de aire, el carburador y el dep\u00f3sito <\/span><\/li>\n<li><span>Comprueba la bater\u00eda y la correa trapezoidal <\/span><\/li>\n<li><span>Limpia el bloque motor y las aletas de refrigeraci\u00f3n <\/span><\/li>\n<li><span>Depuraci\u00f3n intensiva del agua caliente <\/span><\/li>\n<li><span>Revisi\u00f3n general <\/span><\/li>\n<\/ul>\n<\/div><\/div><div class=\"w-separator size_custom with_line width_default thick_1 style_solid color_border align_center\" style=\"height:3rem\"><div class=\"w-separator-h\"><\/div><\/div><div class=\"wpb_text_column\"><div class=\"wpb_wrapper\"><h4>S\u00f3lo 149,00\u20ac<\/h4>\n<p><span>Con servicio de recogida y entrega a petici\u00f3n<\/span><\/p>\n<p><span>hasta <strong>5 km<\/strong> <strong>169,00 \u20ac<br \/>\n<\/strong>hasta <strong>20 km<\/strong> <strong>184,00 \u20ac<\/strong><\/span><\/p>\n<\/div><\/div><\/div><\/div><\/div><div class=\"w-separator size_custom\" style=\"height:3rem\"><\/div><div class=\"w-btn-wrapper align_center\"><a class=\"w-btn us-btn-style_6\" href=\"https:\/\/www.zenz.de\/es\/?page_id=4207\"><span class=\"w-btn-label\">Solicitar ahora<\/span><\/a><\/div><\/div><\/div><\/div><\/div><\/section>\n","protected":false},"excerpt":{"rendered":"Pr\u00e1ctico surtido de bridas con 1.000 piezas. Ideales para tareas vers\u00e1tiles de sujeci\u00f3n y organizaci\u00f3n. 15,00 \u20ac","protected":false},"author":1,"featured_media":0,"parent":0,"menu_order":51,"comment_status":"closed","ping_status":"closed","template":"","meta":{"_acf_changed":false,"footnotes":""},"class_list":["post-4866","page","type-page","status-publish","hentry"],"acf":[],"_links":{"self":[{"href":"https:\/\/www.zenz.de\/es\/wp-json\/wp\/v2\/pages\/4866","targetHints":{"allow":["GET"]}}],"collection":[{"href":"https:\/\/www.zenz.de\/es\/wp-json\/wp\/v2\/pages"}],"about":[{"href":"https:\/\/www.zenz.de\/es\/wp-json\/wp\/v2\/types\/page"}],"author":[{"embeddable":true,"href":"https:\/\/www.zenz.de\/es\/wp-json\/wp\/v2\/users\/1"}],"replies":[{"embeddable":true,"href":"https:\/\/www.zenz.de\/es\/wp-json\/wp\/v2\/comments?post=4866"}],"version-history":[{"count":4,"href":"https:\/\/www.zenz.de\/es\/wp-json\/wp\/v2\/pages\/4866\/revisions"}],"predecessor-version":[{"id":7307,"href":"https:\/\/www.zenz.de\/es\/wp-json\/wp\/v2\/pages\/4866\/revisions\/7307"}],"wp:attachment":[{"href":"https:\/\/www.zenz.de\/es\/wp-json\/wp\/v2\/media?parent=4866"}],"curies":[{"name":"wp","href":"https:\/\/api.w.org\/{rel}","templated":true}]}}