{"id":7855,"date":"2024-07-23T11:59:33","date_gmt":"2024-07-23T09:59:33","guid":{"rendered":"https:\/\/www.zenz.de\/sierras-de-cinta-para-troncos\/servicio-y-mantenimiento-de-sierras-de-cinta-para-troncos\/"},"modified":"2024-10-15T08:20:33","modified_gmt":"2024-10-15T06:20:33","slug":"servicio-y-mantenimiento-de-sierras-de-cinta-para-troncos","status":"publish","type":"page","link":"https:\/\/www.zenz.de\/es\/sierras-de-cinta-para-troncos\/servicio-y-mantenimiento-de-sierras-de-cinta-para-troncos\/","title":{"rendered":"Servicio y mantenimiento"},"content":{"rendered":"<section class=\"l-section wpb_row height_auto width_full\"><div class=\"l-section-h i-cf\"><div class=\"g-cols vc_row via_grid cols_1 laptops-cols_inherit tablets-cols_inherit mobiles-cols_1 valign_top type_default stacking_default\"><div class=\"wpb_column vc_column_container\"><div class=\"vc_column-inner\"><section class=\"l-section wpb_row us_custom_f8319ad1 height_custom with_img\"><div class=\"l-section-img\" role=\"img\" aria-label=\"Hintergrund\u00fcberlagerung\" data-img-width=\"1920\" data-img-height=\"805\" style=\"background-image: url(https:\/\/www.zenz.de\/wp-content\/uploads\/2024\/05\/zenz-hero-hintergrundueberlagerung.png);\"><\/div><div class=\"l-section-h i-cf\"><div class=\"g-cols vc_row via_grid cols_1 laptops-cols_inherit tablets-cols_inherit mobiles-cols_1 valign_bottom type_default stacking_default\"><div class=\"wpb_column vc_column_container us_custom_e8177b5d\"><div class=\"vc_column-inner\"><h1 class=\"w-post-elm post_custom_field us_custom_6e203e2a has_text_color us_animate_this type_text ueberschrift color_link_inherit\"><span class=\"w-post-elm-value\">El mejor servicio para tus<\/br><span class=\"zenz-font-regular\">sierras de cinta para troncos<\/span><\/span><\/h1><\/div><\/div><\/div><\/div><\/section>\n<\/div><\/div><\/div><\/div><\/section><section class=\"l-section wpb_row us_custom_7befa01b zenz-container height_custom\" id=\"service-blockbandsaegen\"><div class=\"l-section-h i-cf\"><div class=\"g-cols vc_row via_grid cols_1 laptops-cols_inherit tablets-cols_inherit mobiles-cols_1 valign_top type_default stacking_default\"><div class=\"wpb_column vc_column_container\"><div class=\"vc_column-inner\"><div class=\"wpb_text_column\"><div class=\"wpb_wrapper\"><h2>Servicio <span class=\"zenz-font-regular\">para sierras de cinta para troncos<\/span><\/h2>\n<\/div><\/div><div class=\"w-separator size_custom\" style=\"height:3rem\"><\/div><div class=\"g-cols wpb_row via_grid cols_2 laptops-cols_inherit tablets-cols_inherit mobiles-cols_1 valign_top type_default stacking_default\" style=\"--columns-gap:1rem;--laptops-columns-gap:1rem;--tablets-columns-gap:3rem;--mobiles-columns-gap:3rem;\"><div class=\"wpb_column vc_column_container us_custom_c03d78a6\"><div class=\"vc_column-inner\"><div class=\"w-vwrapper align_none valign_top\" style=\"--vwrapper-gap:1.5rem\"><h3 class=\"w-text\"><span class=\"w-text-h\"><span class=\"w-text-value\">Servicio in situ con nuestro veh\u00edculo de servicio<\/span><\/span><\/h3><div class=\"wpb_text_column us_custom_6e74c4b0\"><div class=\"wpb_wrapper\"><p style=\"font-weight: 400;\">Tambi\u00e9n damos gran importancia al servicio de nuestras sierras de cinta para troncos. Por eso disponemos de un veh\u00edculo de servicio totalmente equipado. Adem\u00e1s de las herramientas necesarias, tambi\u00e9n contiene todas las piezas de desgaste habituales. Esto nos permite ofrecerte un servicio integral in situ para la reparaci\u00f3n de tu sierra de cinta para troncos.   <\/p>\n<\/div><\/div><div class=\"w-image has_ratio align_none\"><div class=\"w-image-h\"><div style=\"padding-bottom:66.6667%\"><\/div><img decoding=\"async\" width=\"1293\" height=\"1380\" src=\"https:\/\/www.zenz.de\/wp-content\/uploads\/2024\/07\/zenz-service-fahrzeug-blockbandsaegen-e1720080826902.jpeg\" class=\"attachment-full size-full\" alt=\"\" loading=\"lazy\" \/><\/div><\/div><\/div><\/div><\/div><div class=\"wpb_column vc_column_container us_custom_c03d78a6\"><div class=\"vc_column-inner\"><h3 class=\"w-text\"><span class=\"w-text-h\"><span class=\"w-text-value\">Otros servicios<\/span><\/span><\/h3><div class=\"w-separator size_custom\" style=\"height:2rem\"><\/div><div class=\"w-vwrapper align_none valign_top\" style=\"--vwrapper-gap:1.5rem\"><h4 class=\"w-text us_custom_564c68c1 has_text_color\"><span class=\"w-text-h\"><span class=\"w-text-value\">Rectificadora de muelas de fundici\u00f3n<\/span><\/span><\/h4><div class=\"wpb_text_column\"><div class=\"wpb_wrapper\"><p style=\"font-weight: 400;\">Nuestra rectificadora especialmente desarrollada garantiza que el abombamiento de las hojas de sierra coincida exactamente con las muelas de fundici\u00f3n. Esto prolonga la vida \u00fatil y aumenta la eficacia. <\/p>\n<\/div><\/div><\/div><div class=\"w-separator size_custom with_line width_default thick_1 style_solid color_border align_center\" style=\"height:4rem\"><div class=\"w-separator-h\"><\/div><\/div><div class=\"w-vwrapper align_none valign_top\" style=\"--vwrapper-gap:1.5rem\"><h4 class=\"w-text us_custom_564c68c1 has_text_color\"><span class=\"w-text-h\"><span class=\"w-text-value\">Servicio de afilado<\/span><\/span><\/h4><div class=\"wpb_text_column\"><div class=\"wpb_wrapper\"><p>Nuestro servicio interno de mantenimiento de hojas mantiene tus hojas de sierra afiladas y listas para usar en todo momento.<\/p>\n<\/div><\/div><\/div><div class=\"w-separator size_custom\" style=\"height:6rem\"><\/div><div class=\"w-btn-wrapper align_center\"><a class=\"w-btn us-btn-style_6\" href=\"https:\/\/www.zenz.de\/es\/contacta-con-nosotros\/\"><span class=\"w-btn-label\">Solicitar ahora<\/span><\/a><\/div><\/div><\/div><\/div><\/div><\/div><\/div><\/div><\/section><section class=\"l-section wpb_row zenz-container height_custom\"><div class=\"l-section-h i-cf\"><div class=\"g-cols vc_row via_grid cols_1 laptops-cols_inherit tablets-cols_inherit mobiles-cols_1 valign_top type_default stacking_default\"><div class=\"wpb_column vc_column_container\"><div class=\"vc_column-inner\"><div class=\"w-separator hide_on_tablets hide_on_mobiles size_custom\" style=\"height:100px\"><\/div><section class=\"l-section wpb_row zenz-container height_auto width_full\"><div class=\"l-section-h i-cf\"><div class=\"g-cols vc_row via_grid cols_1 laptops-cols_inherit tablets-cols_inherit mobiles-cols_1 valign_top type_default stacking_default\"><div class=\"wpb_column vc_column_container us_custom_4c210cb3\"><div class=\"vc_column-inner\"><div class=\"g-cols wpb_row us_custom_bc61eb63 us_animate_this hide_on_tablets hide_on_mobiles via_grid cols_1 laptops-cols_inherit tablets-cols_inherit mobiles-cols_1 valign_top type_default stacking_default\" style=\"--columns-gap:3rem;\"><div class=\"wpb_column vc_column_container\"><div class=\"vc_column-inner\"><div class=\"w-vwrapper align_none valign_top us_custom_edb423b1\" style=\"--vwrapper-gap:0rem\"><div class=\"w-image has_ratio align_none\"><div class=\"w-image-h\"><div style=\"padding-bottom:80%\"><\/div><img decoding=\"async\" width=\"799\" height=\"732\" src=\"https:\/\/www.zenz.de\/wp-content\/uploads\/2024\/08\/zenz-lukas-heidingsfelder-e1726471489695.jpeg\" class=\"attachment-full size-full\" alt=\"\" loading=\"lazy\" \/><\/div><\/div><div class=\"w-html\"><div class=\"zenz-ansprechpartner-flaeche\"><\/div><\/div><\/div><div class=\"w-hwrapper valign_top wrap us_custom_8a0f29a0 align_justify\" style=\"--hwrapper-gap:1.2rem\"><div class=\"wpb_text_column us_custom_51768c51\"><div class=\"wpb_wrapper\"><p><strong>Lukas Heidingsfelder<\/strong><br \/>\nJefe de montaje y ventas<\/p>\n<\/div><\/div><div class=\"wpb_text_column us_custom_8265ca57 zenz-header-icon\"><div class=\"wpb_wrapper\"><p><i class=\"fas fa-phone-alt\" style=\"padding-right: 5px;\"><\/i> <a class=\"zenz-font-blue-hover\" href=\"tel:+49807291940\">+49 8072 9194-0<\/a><br \/>\n<i class=\"fas fa-fax\" style=\"padding-right: 5px;\"><\/i>  +49 8072 9194-30<br \/>\n<i class=\"fas fa-envelope\" style=\"padding-right: 5px;\"><\/i> <a class=\"zenz-font-blue-hover\" href=\"mailto:lukas.heidingsfelder@zenz.de\">lukas.heidingsfelder@zenz.de<\/a><\/p>\n<\/div><\/div><\/div><\/div><\/div><\/div><div class=\"g-cols wpb_row us_custom_e57079b9 via_grid cols_2-1 laptops-cols_inherit tablets-cols_inherit mobiles-cols_1 valign_top type_default reversed stacking_default\" style=\"--columns-gap:3rem;\"><div class=\"wpb_column vc_column_container\"><div class=\"vc_column-inner\"><div class=\"w-vwrapper align_none valign_top us_custom_8813bcad\" style=\"--vwrapper-gap:1.5rem\"><div class=\"wpb_text_column\"><div class=\"wpb_wrapper\"><h2>Tu contacto <span class=\"zenz-font-regular\">para todas las peticiones e inquietudes<\/span><\/h2>\n<\/div><\/div><div class=\"wpb_text_column us_custom_6e74c4b0\"><div class=\"wpb_wrapper\"><p>Con sus muchos a\u00f1os de experiencia en tecnolog\u00eda y ventas, es tu contacto para todo lo relacionado con nuestras sierras de cinta para troncos y los servicios asociados.<\/p>\n<\/div><\/div><div class=\"w-btn-wrapper align_none\"><a class=\"w-btn us-btn-style_1\" href=\"https:\/\/www.zenz.de\/es\/contacta-con-nosotros\/\"><span class=\"w-btn-label\">Contacta con nosotros<\/span><\/a><\/div><\/div><\/div><\/div><div class=\"wpb_column vc_column_container us_custom_4506f213 hide_on_default hide_on_laptops has_bg_color\"><div class=\"vc_column-inner\"><div class=\"w-vwrapper align_none valign_top us_custom_9e739e55\" style=\"--vwrapper-gap:0rem\"><div class=\"w-image has_ratio align_none\"><div class=\"w-image-h\"><div style=\"padding-bottom:80%\"><\/div><img decoding=\"async\" width=\"799\" height=\"732\" src=\"https:\/\/www.zenz.de\/wp-content\/uploads\/2024\/08\/zenz-lukas-heidingsfelder-e1726471489695.jpeg\" class=\"attachment-full size-full\" alt=\"\" loading=\"lazy\" \/><\/div><\/div><div class=\"w-html\"><div class=\"zenz-ansprechpartner-flaeche\"><\/div><\/div><\/div><div class=\"w-hwrapper valign_top wrap stack_on_mobiles us_custom_8a0f29a0 align_justify\" style=\"--hwrapper-gap:1.2rem\"><div class=\"wpb_text_column us_custom_51768c51\"><div class=\"wpb_wrapper\"><p><strong>Lukas Heidingsfelder<\/strong><br \/>\nJefe de montaje y ventas<\/p>\n<\/div><\/div><div class=\"wpb_text_column us_custom_8265ca57 zenz-header-icon\"><div class=\"wpb_wrapper\"><p><i class=\"fas fa-phone-alt\" style=\"padding-right: 5px;\"><\/i> <a class=\"zenz-font-blue-hover\" href=\"tel:+49807291940\">+49 8072 9194-0<\/a><br \/>\n<i class=\"fas fa-fax\" style=\"padding-right: 5px;\"><\/i>  +49 8072 9194-30<br \/>\n<i class=\"fas fa-envelope\" style=\"padding-right: 5px;\"><\/i> <a class=\"zenz-font-blue-hover\" href=\"%C2%mailto:lukas. ADheidingsfelder@zenz.de\">lukas.heidingsfelder@zenz.de<\/a><\/p>\n<\/div><\/div><\/div><\/div><\/div><\/div><\/div><\/div><\/div><\/div><\/section>\n<\/div><\/div><\/div><\/div><\/section>\n","protected":false},"excerpt":{"rendered":"El mejor servicio para tussierras de cinta para troncos Servicio para sierras de cinta para troncos Servicio in situ con nuestro veh\u00edculo de servicioTambi\u00e9n damos gran importancia al servicio de nuestras sierras de cinta para troncos. Por eso disponemos de un veh\u00edculo de servicio totalmente equipado. Adem\u00e1s de las herramientas necesarias, tambi\u00e9n contiene todas las...","protected":false},"author":1,"featured_media":4568,"parent":8637,"menu_order":0,"comment_status":"closed","ping_status":"closed","template":"","meta":{"_acf_changed":false,"footnotes":""},"class_list":["post-7855","page","type-page","status-publish","has-post-thumbnail","hentry"],"acf":[],"_links":{"self":[{"href":"https:\/\/www.zenz.de\/es\/wp-json\/wp\/v2\/pages\/7855","targetHints":{"allow":["GET"]}}],"collection":[{"href":"https:\/\/www.zenz.de\/es\/wp-json\/wp\/v2\/pages"}],"about":[{"href":"https:\/\/www.zenz.de\/es\/wp-json\/wp\/v2\/types\/page"}],"author":[{"embeddable":true,"href":"https:\/\/www.zenz.de\/es\/wp-json\/wp\/v2\/users\/1"}],"replies":[{"embeddable":true,"href":"https:\/\/www.zenz.de\/es\/wp-json\/wp\/v2\/comments?post=7855"}],"version-history":[{"count":18,"href":"https:\/\/www.zenz.de\/es\/wp-json\/wp\/v2\/pages\/7855\/revisions"}],"predecessor-version":[{"id":9611,"href":"https:\/\/www.zenz.de\/es\/wp-json\/wp\/v2\/pages\/7855\/revisions\/9611"}],"up":[{"embeddable":true,"href":"https:\/\/www.zenz.de\/es\/wp-json\/wp\/v2\/pages\/8637"}],"wp:featuredmedia":[{"embeddable":true,"href":"https:\/\/www.zenz.de\/es\/wp-json\/wp\/v2\/media\/4568"}],"wp:attachment":[{"href":"https:\/\/www.zenz.de\/es\/wp-json\/wp\/v2\/media?parent=7855"}],"curies":[{"name":"wp","href":"https:\/\/api.w.org\/{rel}","templated":true}]}}