{"id":8563,"date":"2024-05-27T14:12:38","date_gmt":"2024-05-27T12:12:38","guid":{"rendered":"https:\/\/www.zenz.de\/pie-de-imprenta\/"},"modified":"2025-12-17T13:11:22","modified_gmt":"2025-12-17T12:11:22","slug":"pie-de-imprenta","status":"publish","type":"page","link":"https:\/\/www.zenz.de\/es\/pie-de-imprenta\/","title":{"rendered":"Pie de imprenta"},"content":{"rendered":"<section class=\"l-section wpb_row external-link-icon height_custom\"><div class=\"l-section-h i-cf\"><div class=\"g-cols vc_row via_grid cols_1 laptops-cols_inherit tablets-cols_inherit mobiles-cols_1 valign_top type_default stacking_default\"><div class=\"wpb_column vc_column_container\"><div class=\"vc_column-inner\"><h1 class=\"w-text\"><span class=\"w-text-h\"><span class=\"w-text-value\">Pie de imprenta<\/span><\/span><\/h1><h2 class=\"w-text zenz-h4\"><span class=\"w-text-h\"><span class=\"w-text-value\">Direcci\u00f3n postal<\/span><\/span><\/h2><div class=\"wpb_text_column\"><div class=\"wpb_wrapper\"><p><span>Zenz Landtechnik GmbH<\/span><br \/>\n<span>Lengmoos 10<\/span><br \/>\n<span>83536 Gars<\/span><\/p>\n<\/div><\/div><div class=\"w-separator size_custom\" style=\"height:2rem\"><\/div><h2 class=\"w-text zenz-h4\"><span class=\"w-text-h\"><span class=\"w-text-value\">Contacta con nosotros<\/span><\/span><\/h2><div class=\"wpb_text_column\"><div class=\"wpb_wrapper\"><p><a href=\"tel:+499123456789\">Tel\u00e9fono: +49 (0)8072 9194-0<\/a><br \/>\n<span>Fax: +49 (0)8072 9194-30<\/span><br \/>\n<a href=\"mailto:info@zenz.de\">Correo electr\u00f3nico: info@zenz.de<\/a><\/p>\n<\/div><\/div><div class=\"w-separator size_custom\" style=\"height:2rem\"><\/div><h2 class=\"w-text zenz-h4\"><span class=\"w-text-h\"><span class=\"w-text-value\">Registro mercantil<\/span><\/span><\/h2><div class=\"wpb_text_column\"><div class=\"wpb_wrapper\"><p>Tribunal de registro: Traunstein<br \/>\nN\u00famero de registro: HRB 8725<\/p>\n<p>Representado por:<br \/>\nChristoph Zenz<\/p>\n<\/div><\/div><div class=\"w-separator size_custom\" style=\"height:2rem\"><\/div><h2 class=\"w-text zenz-h4\"><span class=\"w-text-h\"><span class=\"w-text-value\">N\u00famero de identificaci\u00f3n fiscal<\/span><\/span><\/h2><div class=\"wpb_text_column\"><div class=\"wpb_wrapper\"><p><span>N\u00famero de identificaci\u00f3n fiscal seg\u00fan \u00a727a<br \/>\nUmsatzsteuergesetz: DE191050394<\/span><\/p>\n<\/div><\/div><div class=\"w-separator size_custom\" style=\"height:2rem\"><\/div><h2 class=\"w-text zenz-h4\"><span class=\"w-text-h\"><span class=\"w-text-value\">Responsabilidad por el contenido<\/span><\/span><\/h2><div class=\"wpb_text_column\"><div class=\"wpb_wrapper\"><p><span>El contenido de nuestras p\u00e1ginas ha sido creado con el mayor cuidado. Sin embargo, no podemos asumir ninguna responsabilidad por la exactitud, integridad y actualidad del contenido. Como proveedor de servicios, somos responsables de nuestro propio contenido en estas p\u00e1ginas, de acuerdo con el \u00a7 7 p\u00e1rrafo 1 de la TMG (Ley alemana de Telemedia) y las leyes generales. Sin embargo, seg\u00fan los \u00a7\u00a7 8 a 10 de la TMG, como proveedor de servicios no estamos obligados a controlar la informaci\u00f3n de terceros transmitida o almacenada, ni a investigar circunstancias que indiquen una actividad ilegal. Esto no afecta a las obligaciones de eliminar o bloquear el uso de informaci\u00f3n de acuerdo con la legislaci\u00f3n general. Sin embargo, la responsabilidad a este respecto s\u00f3lo es posible a partir del momento en que se tiene conocimiento de una infracci\u00f3n concreta. Tan pronto como tengamos conocimiento de tales infracciones, eliminaremos este contenido inmediatamente.       <\/span><\/p>\n<\/div><\/div><div class=\"w-separator size_custom\" style=\"height:2rem\"><\/div><h2 class=\"w-text zenz-h4\"><span class=\"w-text-h\"><span class=\"w-text-value\">Responsabilidad de los enlaces<\/span><\/span><\/h2><div class=\"wpb_text_column\"><div class=\"wpb_wrapper\"><p><span>Nuestro sitio web contiene enlaces a sitios web externos de terceros sobre cuyo contenido no tenemos ninguna influencia. Por lo tanto, no podemos aceptar ninguna responsabilidad por este contenido de terceros. El respectivo proveedor u operador de las p\u00e1ginas es siempre responsable del contenido de las p\u00e1ginas enlazadas. Las p\u00e1ginas enlazadas se comprobaron en el momento de enlazarlas para detectar posibles infracciones legales. No se reconocieron contenidos ilegales en el momento de establecer el enlace. Sin embargo, la supervisi\u00f3n permanente del contenido de las p\u00e1ginas enlazadas no es razonable sin pruebas concretas de una infracci\u00f3n. Si tenemos conocimiento de alguna infracci\u00f3n legal, eliminaremos dichos enlaces inmediatamente.      <\/span><\/p>\n<\/div><\/div><div class=\"w-separator size_custom\" style=\"height:2rem\"><\/div><h2 class=\"w-text zenz-h4\"><span class=\"w-text-h\"><span class=\"w-text-value\">Derechos de autor<\/span><\/span><\/h2><div class=\"wpb_text_column\"><div class=\"wpb_wrapper\"><p><span>El contenido y las obras creadas por los operadores del sitio en estas p\u00e1ginas est\u00e1n sujetos a la legislaci\u00f3n alemana sobre derechos de autor. La duplicaci\u00f3n, procesamiento, distribuci\u00f3n y cualquier tipo de utilizaci\u00f3n fuera de los l\u00edmites de la ley de derechos de autor requieren el consentimiento por escrito del respectivo autor o creador. Las descargas y copias de este sitio s\u00f3lo est\u00e1n permitidas para uso privado y no comercial. En la medida en que el contenido de este sitio no haya sido creado por el operador, se respetan los derechos de autor de terceros. En particular, el contenido de terceros est\u00e1 etiquetado como tal. No obstante, si tuvieras conocimiento de una infracci\u00f3n de los derechos de autor, te rogamos que nos lo comuniques. Si tenemos conocimiento de alguna infracci\u00f3n, eliminaremos dicho contenido inmediatamente.      <\/span><\/p>\n<\/div><\/div><div class=\"w-separator size_custom\" style=\"height:2rem\"><\/div><h2 class=\"w-text zenz-h4\"><span class=\"w-text-h\"><span class=\"w-text-value\">Protecci\u00f3n de datos<\/span><\/span><\/h2><div class=\"wpb_text_column\"><div class=\"wpb_wrapper\"><p><span>En general, es posible utilizar nuestro sitio web sin proporcionar datos personales. En la medida en que en nuestro sitio web se recojan datos personales (por ejemplo, nombre, direcci\u00f3n o direcciones de correo electr\u00f3nico), siempre se har\u00e1 de forma voluntaria en la medida de lo posible. Estos datos no se transmitir\u00e1n a terceros sin tu consentimiento expreso.  <\/span><br \/>\n<span>Nos gustar\u00eda se\u00f1alar que la transmisi\u00f3n de datos a trav\u00e9s de Internet (por ejemplo, al comunicarse por correo electr\u00f3nico) puede tener lagunas de seguridad. No es posible una protecci\u00f3n completa de los datos contra el acceso de terceros. Por la presente, prohibimos expresamente el uso de los datos de contacto publicados en el \u00e1mbito de la obligaci\u00f3n del pie de imprenta por parte de terceros para el env\u00edo de publicidad y material informativo no solicitados. Los operadores de este sitio web se reservan expresamente el derecho a emprender acciones legales en caso de env\u00edo no solicitado de informaci\u00f3n publicitaria, como correos electr\u00f3nicos basura.   <\/span><\/p>\n<\/div><\/div><div class=\"w-separator size_custom\" style=\"height:2rem\"><\/div><h2 class=\"w-text zenz-h4\"><span class=\"w-text-h\"><span class=\"w-text-value\">Cr\u00e9ditos de las im\u00e1genes<\/span><\/span><\/h2><div class=\"wpb_text_column\"><div class=\"wpb_wrapper\"><ul>\n<li><a href=\"https:\/\/stock.adobe.com\/de\/images\/customer-service-and-support-outline-icon-collection-thin-line-set-contains-such-icons-as-online-help-helpdesk-quick-response-feedback-and-more-simple-web-icons-set\/458178449\" target=\"_blank\" rel=\"nofollow noopener\">Servicio y asistencia al cliente &#8211; Colecci\u00f3n de iconos de contorno. El conjunto de l\u00edneas finas contiene iconos como ayuda en l\u00ednea, servicio de asistencia, respuesta r\u00e1pida, comentarios y m\u00e1s. Conjunto de iconos web sencillos.  <\/a>  \u00a9 <a href=\"https:\/\/stock.adobe.com\/de\/contributor\/202188293\/happy-art\" target=\"_blank\" rel=\"nofollow noopener\">Happy Art<\/a> | <a href=\"https:\/\/stock.adobe.com\/de\" target=\"_blank\" rel=\"nofollow noopener\">stock.adobe.com\/es<\/a><\/li>\n<li><a href=\"https:\/\/stock.adobe.com\/de\/images\/lumber-line-icons-vector-illustration-include-icon-log-plank-polishing-grinder-saw-lumberjack-cutting-carpentry-outline-pictogram-for-wood-cutting-64x64-pixel-perfect-editable-stroke\/472040396\" target=\"_blank\" rel=\"nofollow noopener\">Iconos de l\u00edneas de madera. Ilustraci\u00f3n vectorial incluye icono &#8211; tronco, tabl\u00f3n, amoladora pulidora, sierra, le\u00f1ador, corte, carpinter\u00eda contorno pictograma para corte de madera. 64&#215;64 Pixel Perfect, Trazo Editable  <\/a>  \u00a9 <a href=\"https:\/\/stock.adobe.com\/de\/contributor\/209445585\/sir-vector\" target=\"_blank\" rel=\"nofollow noopener\">Sir.Vector<\/a> | <a href=\"https:\/\/stock.adobe.com\/de\" target=\"_blank\" rel=\"nofollow noopener\">stock.adobe.com\/es<\/a><\/li>\n<li><a href=\"https:\/\/stock.adobe.com\/de\/images\/farming-and-agriculture-outline-symbol-collection-65-editable-stroke-icons-vector-illustrator\/566602275\" target=\"_blank\" rel=\"nofollow noopener\">Colecci\u00f3n de s\u00edmbolos de agricultura y ganader\u00eda. 65 iconos de trazo editables. Ilustraci\u00f3n vectorial  <\/a>  \u00a9 <a href=\"https:\/\/stock.adobe.com\/de\/contributor\/201297327\/skyline\" target=\"_blank\" rel=\"nofollow noopener\">SkyLine<\/a> | <a href=\"https:\/\/stock.adobe.com\/de\" target=\"_blank\" rel=\"nofollow noopener\">stock.adobe.com\/es<\/a><\/li>\n<li><a href=\"https:\/\/stock.adobe.com\/de\/images\/set-of-line-icons-in-linear-style-set-farming-farm-and-agriculture-animal-husbandry-and-livestock-breeding-outline-icon-collection-conceptual-pictogram-and-infographic-editable-stroke\/694441467?asset_id=694441467\" target=\"_blank\" rel=\"nofollow noopener\">Conjunto de iconos lineales en estilo lineal. Conjunto &#8211; Ganader\u00eda, granja y agricultura. Cr\u00eda de animales y ganader\u00eda. Colecci\u00f3n de iconos lineales. Pictograma conceptual e infogr\u00e1fico. Trazo editable.     <\/a>  \u00a9 <a href=\"https:\/\/stock.adobe.com\/de\/contributor\/208520720\/paha\" target=\"_blank\" rel=\"nofollow noopener\">PaHa<\/a> | <a href=\"https:\/\/stock.adobe.com\/de\" target=\"_blank\" rel=\"nofollow noopener\">stock.adobe.com\/es<\/a><\/li>\n<li><a href=\"https:\/\/stock.adobe.com\/de\/images\/pile-of-newspapers-on-white-background\/290153844\" target=\"_blank\" rel=\"nofollow noopener\">Pila de peri\u00f3dicos sobre fondo blanco<\/a> \u00a9 <a href=\"https:\/\/stock.adobe.com\/de\/contributor\/205405392\/billionphotos-com\" target=\"_blank\" rel=\"nofollow noopener\">BillionPhotos.com<\/a> | <a href=\"https:\/\/stock.adobe.com\/de\" target=\"_blank\" rel=\"nofollow noopener\">stock.adobe.com\/es<\/a><\/li>\n<li><a href=\"https:\/\/stock.adobe.com\/de\/images\/man-doing-finances-and-calculate-about-cost-to-real-estate-investment-and-in-other-tax-system-time-for-taxes-money-financial-accounting-taxation-generative-ai\/647181019\" target=\"_blank\" rel=\"nofollow noopener\">Hombre haciendo finanzas y calculando sobre coste a inversi\u00f3n inmobiliaria y en otro, sistema fiscal.Tiempo de Impuestos Dinero Contabilidad Financiera Fiscalidad, Generative AI<\/a> \u00a9 <a href=\"https:\/\/stock.adobe.com\/de\/contributor\/211519736\/visual-venture\" target=\"_blank\" rel=\"nofollow noopener\">Visual Venture<\/a> | <a href=\"https:\/\/stock.adobe.com\/de\" target=\"_blank\" rel=\"nofollow noopener\">stock.adobe.com\/es<\/a><\/li>\n<\/ul>\n<\/div><\/div><\/div><\/div><\/div><\/div><\/section>\n","protected":false},"excerpt":{"rendered":"Pie de imprentaDirecci\u00f3n postalZenz Landtechnik GmbH Lengmoos 10 83536 Gars Contacta con nosotrosTel\u00e9fono: +49 (0)8072 9194-0 Fax: +49 (0)8072 9194-30 Correo electr\u00f3nico: info@zenz.de Registro mercantilTribunal de registro: Traunstein N\u00famero de registro: HRB 8725 Representado por: Christoph Zenz N\u00famero de identificaci\u00f3n fiscalN\u00famero de identificaci\u00f3n fiscal seg\u00fan \u00a727a Umsatzsteuergesetz: DE191050394 Responsabilidad por el contenidoEl contenido de nuestras...","protected":false},"author":1,"featured_media":0,"parent":0,"menu_order":67,"comment_status":"closed","ping_status":"closed","template":"","meta":{"_acf_changed":false,"footnotes":""},"class_list":["post-8563","page","type-page","status-publish","hentry"],"acf":[],"_links":{"self":[{"href":"https:\/\/www.zenz.de\/es\/wp-json\/wp\/v2\/pages\/8563","targetHints":{"allow":["GET"]}}],"collection":[{"href":"https:\/\/www.zenz.de\/es\/wp-json\/wp\/v2\/pages"}],"about":[{"href":"https:\/\/www.zenz.de\/es\/wp-json\/wp\/v2\/types\/page"}],"author":[{"embeddable":true,"href":"https:\/\/www.zenz.de\/es\/wp-json\/wp\/v2\/users\/1"}],"replies":[{"embeddable":true,"href":"https:\/\/www.zenz.de\/es\/wp-json\/wp\/v2\/comments?post=8563"}],"version-history":[{"count":15,"href":"https:\/\/www.zenz.de\/es\/wp-json\/wp\/v2\/pages\/8563\/revisions"}],"predecessor-version":[{"id":11246,"href":"https:\/\/www.zenz.de\/es\/wp-json\/wp\/v2\/pages\/8563\/revisions\/11246"}],"wp:attachment":[{"href":"https:\/\/www.zenz.de\/es\/wp-json\/wp\/v2\/media?parent=8563"}],"curies":[{"name":"wp","href":"https:\/\/api.w.org\/{rel}","templated":true}]}}