{"id":3193,"date":"2024-05-27T11:59:03","date_gmt":"2024-05-27T09:59:03","guid":{"rendered":"https:\/\/www.zenz.de\/actualites\/"},"modified":"2025-10-29T13:23:26","modified_gmt":"2025-10-29T12:23:26","slug":"actualites","status":"publish","type":"page","link":"https:\/\/www.zenz.de\/fr\/actualites\/","title":{"rendered":"Actualit\u00e9s"},"content":{"rendered":"<section class=\"l-section wpb_row height_auto width_full\"><div class=\"l-section-h i-cf\"><div class=\"g-cols vc_row via_grid cols_1 laptops-cols_inherit tablets-cols_inherit mobiles-cols_1 valign_top type_default stacking_default\"><div class=\"wpb_column vc_column_container\"><div class=\"vc_column-inner\"><section class=\"l-section wpb_row us_custom_f2ff99ef height_custom with_img\"><div class=\"l-section-img\" role=\"img\" aria-label=\"Hintergrund\u00fcberlagerung\" data-img-width=\"1920\" data-img-height=\"805\" style=\"background-image: url(https:\/\/www.zenz.de\/wp-content\/uploads\/2024\/05\/zenz-hero-hintergrundueberlagerung.png);\"><\/div><div class=\"l-section-h i-cf\"><div class=\"g-cols vc_row via_grid cols_1 laptops-cols_inherit tablets-cols_inherit mobiles-cols_1 valign_bottom type_default stacking_default\"><div class=\"wpb_column vc_column_container us_custom_e8177b5d\"><div class=\"vc_column-inner\"><h1 class=\"w-post-elm post_custom_field us_custom_6e203e2a has_text_color us_animate_this type_text ueberschrift color_link_inherit\"><span class=\"w-post-elm-value\">Les derni\u00e8res nouvelles<\/br><span class=\"zenz-font-regular\"> de Zenz<\/span><\/span><\/h1><\/div><\/div><\/div><\/div><\/section>\n<\/div><\/div><\/div><\/div><\/section><section class=\"l-section wpb_row zenz-container height_custom width_custom\" style=\"--site-content-width:1140px;\"><div class=\"l-section-h i-cf\"><div class=\"g-cols vc_row via_grid cols_1 laptops-cols_inherit tablets-cols_inherit mobiles-cols_1 valign_top type_default stacking_default\"><div class=\"wpb_column vc_column_container\"><div class=\"vc_column-inner\"><div class=\"wpb_text_column us_custom_eb849559\"><div class=\"wpb_wrapper\"><h2>Restez <span class=\"zenz-font-regular\">inform\u00e9<\/span><\/h2>\n<\/div><\/div><div class=\"w-separator size_custom\" style=\"height:3rem\"><\/div><div class=\"w-grid us_grid with_filters type_grid layout_274 zenz-link-red-hover cols_2 preload_style_spinner\" id=\"us_grid_1\" style=\"--columns:2;--gap:3rem;\"><style>@media (max-width:959px){#us_grid_1{--columns:1!important}}@media (max-width:480px){#us_grid_1{--columns:1!important}}.layout_274 .w-grid-item-h{}.layout_274 .usg_post_title_1{color:var(--color-alt-content-bg-alt)!important}.layout_274 .usg_vwrapper_2{width:100%!important;overflow:hidden!important;border:10px solid var(--color-content-border)!important}<\/style><div class=\"g-filters style_1 align_none\"><button class=\"g-filters-item active\" data-taxonomy=\"*\"><span>Tous<\/span><\/button><button class=\"g-filters-item\" data-taxonomy=\"commerce-equitable\" data-amount=\"4\"><span>Commerce \u00e9quitable<\/span><span class=\"g-filters-item-amount\">4<\/span><\/button><\/div><div class=\"w-grid-list\" data-filter_taxonomy_name=\"category\" data-filter_default_taxonomies=\"commerce-equitable,non-classifiee,scies-a-ruban-a-grumes\">\t<article class=\"w-grid-item size_1x1 post-11536 post type-post status-publish format-standard has-post-thumbnail hentry category-commerce-equitable\" data-id=\"11536\">\r\n\t\t<div class=\"w-grid-item-h\">\r\n\t\t\t\t\t\t<div class=\"w-vwrapper usg_vwrapper_1 external-link-icon align_left valign_top\" style=\"--vwrapper-gap:1rem\"><div class=\"w-vwrapper usg_vwrapper_2 align_none valign_top\" style=\"--vwrapper-gap:0.7rem\"><div class=\"w-post-elm post_image usg_post_image_1 has_ratio\"><a ref=\"magnificPopup\" href=\"https:\/\/www.zenz.de\/wp-content\/uploads\/2025\/08\/standplan.jpg\" aria-label=\"Rottalschau\/Karpfham Foire du 28.08 au 01.09.2026\"><img loading=\"lazy\" decoding=\"async\" width=\"1329\" height=\"892\" src=\"https:\/\/www.zenz.de\/wp-content\/uploads\/2025\/08\/standplan.jpg\" class=\"attachment-full size-full wp-post-image\" alt=\"\" \/><\/a><div style=\"padding-bottom:75%\"><\/div><\/div><\/div><div class=\"w-post-elm post_taxonomy usg_post_taxonomy_1 style_simple color_link_inherit\"><span class=\"term-34 term-commerce-equitable\">Commerce \u00e9quitable<\/span><\/div><h2 class=\"w-post-elm post_title usg_post_title_1 zenz-h4 has_text_color entry-title color_link_inherit\">Rottalschau\/Karpfham Foire du 28.08 au 01.09.2026<\/h2><div class=\"w-post-elm post_content usg_post_content_1\"><section class=\"l-section wpb_row us_custom_4af741be height_auto\"><div class=\"l-section-h i-cf\"><div class=\"g-cols vc_row via_grid cols_1 laptops-cols_inherit tablets-cols_inherit mobiles-cols_1 valign_top type_default stacking_default\"><div class=\"wpb_column vc_column_container\"><div class=\"vc_column-inner\"><div class=\"wpb_text_column\"><div class=\"wpb_wrapper\"><p data-start=\"0\" data-end=\"186\">Le salon Rottalschau est devenu entre-temps l&rsquo;un des plus importants salons du machinisme agricole en Allemagne. Elle a lieu parall\u00e8lement \u00e0 la f\u00eate de Karpfham.<\/p>\n<p data-start=\"188\" data-end=\"380\" data-is-last-node=\"\" data-is-only-node=\"\">Sur plus de 70.000 m\u00e8tres carr\u00e9s de terrain en plein air et 6.000 m\u00e8tres carr\u00e9s de halls, environ 600 exposants venus de toute l&rsquo;Allemagne et des pays voisins pr\u00e9sentent une offre vari\u00e9e de marchandises.<\/p>\n<p data-start=\"188\" data-end=\"380\" data-is-last-node=\"\" data-is-only-node=\"\"><span>Venez nous rendre visite du  <\/span><strong>28.08. &#8211; 01.09.2025<\/strong><span>  tous les jours entre 8h30 et 18h00.<\/span><\/p>\n<p data-start=\"188\" data-end=\"380\" data-is-last-node=\"\" data-is-only-node=\"\">Plus d&rsquo;informations sur la <a href=\"https:\/\/www.karpfhamerfest.de\/\" target=\"_blank\" rel=\"noopener\">f\u00eate de Karpfham<\/a><\/p>\n<\/div><\/div><\/div><\/div><\/div><\/div><\/section>\n<\/div><\/div>\t\t<\/div>\r\n\t\t\t<\/article>\r\n\t<article class=\"w-grid-item size_1x1 post-11451 post type-post status-publish format-standard has-post-thumbnail hentry category-commerce-equitable\" data-id=\"11451\">\r\n\t\t<div class=\"w-grid-item-h\">\r\n\t\t\t\t\t\t<div class=\"w-vwrapper usg_vwrapper_1 external-link-icon align_left valign_top\" style=\"--vwrapper-gap:1rem\"><div class=\"w-vwrapper usg_vwrapper_2 align_none valign_top\" style=\"--vwrapper-gap:0.7rem\"><div class=\"w-post-elm post_image usg_post_image_1 has_ratio\"><a ref=\"magnificPopup\" href=\"https:\/\/www.zenz.de\/wp-content\/uploads\/2026\/01\/klagenfurt.jpg\" aria-label=\"Foire du bois de Klagenfurt du 02.09. au 31.12.2012 &#8211; 05.09.2026\"><img loading=\"lazy\" decoding=\"async\" width=\"735\" height=\"414\" src=\"https:\/\/www.zenz.de\/wp-content\/uploads\/2026\/01\/klagenfurt.jpg\" class=\"attachment-full size-full wp-post-image\" alt=\"Foire du bois de Klagenfurt\" \/><\/a><div style=\"padding-bottom:75%\"><\/div><\/div><\/div><div class=\"w-post-elm post_taxonomy usg_post_taxonomy_1 style_simple color_link_inherit\"><span class=\"term-34 term-commerce-equitable\">Commerce \u00e9quitable<\/span><\/div><h2 class=\"w-post-elm post_title usg_post_title_1 zenz-h4 has_text_color entry-title color_link_inherit\">Foire du bois de Klagenfurt du 02.09. au 31.12.2012 &#8211; 05.09.2026<\/h2><div class=\"w-post-elm post_content usg_post_content_1\"><section class=\"l-section wpb_row us_custom_4af741be height_auto\"><div class=\"l-section-h i-cf\"><div class=\"g-cols vc_row via_grid cols_1 laptops-cols_inherit tablets-cols_inherit mobiles-cols_1 valign_top type_default stacking_default\"><div class=\"wpb_column vc_column_container\"><div class=\"vc_column-inner\"><div class=\"wpb_text_column\"><div class=\"wpb_wrapper\"><p>Avec plus de 500 exposants professionnels de 20 nationalit\u00e9s diff\u00e9rentes, le duo de salons \u00ab\u00a0Internationale Holzmesse\/HOLZ&amp;BAU\u00a0\u00bb est le plus important march\u00e9 d&rsquo;Europe centrale et du sud-est. Vous y trouverez tous les leaders du march\u00e9 et les derni\u00e8res tendances sur une surface d&rsquo;exposition de 50.000 m\u00e8tres carr\u00e9s.<br \/>\nLa philosophie du \u00ab\u00a0Salon international du bois\/HOLZ&amp;BAU\u00a0\u00bb est de donner une vue d&rsquo;ensemble tout au long de la cha\u00eene de cr\u00e9ation de valeur &#8211; \u00ab\u00a0de la for\u00eat (exploitation foresti\u00e8re) au bois massif\u00a0\u00bb. Gr\u00e2ce \u00e0 cette fonction importante, le salon permet de renforcer les liens entre les diff\u00e9rents secteurs et constitue ainsi un terrain propice \u00e0 des coop\u00e9rations fructueuses.<\/p>\n<p><a href=\"https:\/\/www.kaerntnermessen.at\/veranstaltungen\/internationale-holzmesse\/\" target=\"_blank\" rel=\"noopener\">Vers le site web<\/a><\/p>\n<\/div><\/div><\/div><\/div><\/div><\/div><\/section>\n<\/div><\/div>\t\t<\/div>\r\n\t\t\t<\/article>\r\n\t<article class=\"w-grid-item size_1x1 post-11471 post type-post status-publish format-standard has-post-thumbnail hentry category-commerce-equitable\" data-id=\"11471\">\r\n\t\t<div class=\"w-grid-item-h\">\r\n\t\t\t\t\t\t<div class=\"w-vwrapper usg_vwrapper_1 external-link-icon align_left valign_top\" style=\"--vwrapper-gap:1rem\"><div class=\"w-vwrapper usg_vwrapper_2 align_none valign_top\" style=\"--vwrapper-gap:0.7rem\"><div class=\"w-post-elm post_image usg_post_image_1 has_ratio\"><a ref=\"magnificPopup\" href=\"https:\/\/www.zenz.de\/wp-content\/uploads\/2026\/01\/interforst-scaled.jpg\" aria-label=\"Interforst du 15.10. &#8211; 18.10.2026\"><img loading=\"lazy\" decoding=\"async\" width=\"1920\" height=\"1440\" src=\"https:\/\/www.zenz.de\/wp-content\/uploads\/2026\/01\/interforst-scaled.jpg\" class=\"attachment-full size-full wp-post-image\" alt=\"\" \/><\/a><div style=\"padding-bottom:75%\"><\/div><\/div><\/div><div class=\"w-post-elm post_taxonomy usg_post_taxonomy_1 style_simple color_link_inherit\"><span class=\"term-34 term-commerce-equitable\">Commerce \u00e9quitable<\/span><\/div><h2 class=\"w-post-elm post_title usg_post_title_1 zenz-h4 has_text_color entry-title color_link_inherit\">Interforst du 15.10. &#8211; 18.10.2026<\/h2><div class=\"w-post-elm post_content usg_post_content_1\"><section class=\"l-section wpb_row us_custom_4af741be height_auto\"><div class=\"l-section-h i-cf\"><div class=\"g-cols vc_row via_grid cols_1 laptops-cols_inherit tablets-cols_inherit mobiles-cols_1 valign_top type_default stacking_default\"><div class=\"wpb_column vc_column_container\"><div class=\"vc_column-inner\"><div class=\"wpb_text_column\"><div class=\"wpb_wrapper\"><p>INTERFORST est le salon international de r\u00e9f\u00e9rence pour la sylviculture et les techniques foresti\u00e8res. Il se tient tous les quatre ans sur le site de Messe M\u00fcnchen. D\u00e9couvrez comment le facteur \u00e9conomique de la for\u00eat peut \u00eatre d\u00e9velopp\u00e9 avec succ\u00e8s. D&rsquo;une part, gr\u00e2ce \u00e0 une pens\u00e9e innovante et \u00e0 une technique foresti\u00e8re intelligente, d&rsquo;autre part, gr\u00e2ce \u00e0 l&rsquo;interaction entre l&rsquo;\u00e9conomie, la science et la politique.<\/p>\n<p><a href=\"https:\/\/interforst.com\/de\/messe\/\" target=\"_blank\" rel=\"noopener\">Vers le site web<\/a><\/p>\n<\/div><\/div><\/div><\/div><\/div><\/div><\/section>\n<\/div><\/div>\t\t<\/div>\r\n\t\t\t<\/article>\r\n\t<article class=\"w-grid-item size_1x1 post-11516 post type-post status-publish format-standard has-post-thumbnail hentry category-commerce-equitable\" data-id=\"11516\">\r\n\t\t<div class=\"w-grid-item-h\">\r\n\t\t\t\t\t\t<div class=\"w-vwrapper usg_vwrapper_1 external-link-icon align_left valign_top\" style=\"--vwrapper-gap:1rem\"><div class=\"w-vwrapper usg_vwrapper_2 align_none valign_top\" style=\"--vwrapper-gap:0.7rem\"><div class=\"w-post-elm post_image usg_post_image_1 has_ratio\"><a ref=\"magnificPopup\" href=\"https:\/\/www.zenz.de\/wp-content\/uploads\/2024\/05\/zenz-aktuelles-adventsausstellung.jpg\" aria-label=\"Zenz Exposition de l&rsquo;Avent \u00e0 Lengmoos le 29.11.2026\"><img loading=\"lazy\" decoding=\"async\" width=\"1000\" height=\"667\" src=\"https:\/\/www.zenz.de\/wp-content\/uploads\/2024\/05\/zenz-aktuelles-adventsausstellung.jpg\" class=\"attachment-full size-full wp-post-image\" alt=\"Exposition de l&#039;Avent\" \/><\/a><div style=\"padding-bottom:75%\"><\/div><\/div><\/div><div class=\"w-post-elm post_taxonomy usg_post_taxonomy_1 style_simple color_link_inherit\"><span class=\"term-34 term-commerce-equitable\">Commerce \u00e9quitable<\/span><\/div><h2 class=\"w-post-elm post_title usg_post_title_1 zenz-h4 has_text_color entry-title color_link_inherit\">Zenz Exposition de l&rsquo;Avent \u00e0 Lengmoos le 29.11.2026<\/h2><div class=\"w-post-elm post_content usg_post_content_1\"><section class=\"l-section wpb_row us_custom_4af741be height_auto\"><div class=\"l-section-h i-cf\"><div class=\"g-cols vc_row via_grid cols_1 laptops-cols_inherit tablets-cols_inherit mobiles-cols_1 valign_top type_default stacking_default\"><div class=\"wpb_column vc_column_container\"><div class=\"vc_column-inner\"><div class=\"wpb_text_column\"><div class=\"wpb_wrapper\"><p>Visitez l&rsquo;<strong>exposition de l&rsquo;Avent de Zenz \u00e0 Lengmoos le 29 novembre 2026<\/strong>. Vous pouvez vous attendre \u00e0 une pr\u00e9sentation impressionnante des meilleures marques et produits agricoles et forestiers, notamment : Deutz-Fahr, Krone, Zenz Silokamm, Zenz Blockbands\u00e4ge, Husqvarna, P\u00fchringer, Lemken, Kioti, Keenan, Mammut, E.L.F.<\/p>\n<\/div><\/div><\/div><\/div><\/div><\/div><\/section>\n<\/div><\/div>\t\t<\/div>\r\n\t\t\t<\/article>\r\n<\/div><style id=\"grid-post-content-css\">.us_custom_4af741be{padding:0!important;margin:0!important}<\/style>\t<div class=\"w-grid-preloader\">\r\n\t\t<div class=\"g-preloader type_1\">\r\n\t\t\t<div><\/div>\r\n\t\t<\/div>\r\n\t<\/div>\r\n\t\t<div class=\"w-grid-json hidden\" onclick='return {&quot;action&quot;:&quot;us_ajax_grid&quot;,&quot;infinite_scroll&quot;:0,&quot;max_num_pages&quot;:1,&quot;pagination&quot;:&quot;none&quot;,&quot;template_vars&quot;:{&quot;columns&quot;:&quot;2&quot;,&quot;exclude_items&quot;:&quot;none&quot;,&quot;img_size&quot;:&quot;default&quot;,&quot;ignore_items_size&quot;:0,&quot;items_layout&quot;:&quot;274&quot;,&quot;items_offset&quot;:&quot;1&quot;,&quot;load_animation&quot;:&quot;none&quot;,&quot;overriding_link&quot;:&quot;%7B%22url%22%3A%22%22%7D&quot;,&quot;post_id&quot;:0,&quot;query_args&quot;:{&quot;post_type&quot;:[&quot;post&quot;],&quot;tax_query&quot;:[{&quot;taxonomy&quot;:&quot;category&quot;,&quot;field&quot;:&quot;slug&quot;,&quot;terms&quot;:[&quot;commerce-equitable&quot;,&quot;non-classifiee&quot;,&quot;scies-a-ruban-a-grumes&quot;]}],&quot;post_status&quot;:[&quot;publish&quot;,&quot;acf-disabled&quot;],&quot;posts_per_page&quot;:&quot;16&quot;},&quot;orderby_query_args&quot;:{&quot;orderby&quot;:{&quot;date&quot;:&quot;DESC&quot;}},&quot;type&quot;:&quot;grid&quot;,&quot;us_grid_post_type&quot;:&quot;post&quot;,&quot;us_grid_ajax_index&quot;:1,&quot;us_grid_filter_query_string&quot;:null,&quot;us_grid_index&quot;:1,&quot;page_args&quot;:[],&quot;lang&quot;:&quot;fr&quot;}}'><\/div>\r\n\t<\/div><\/div><\/div><\/div><\/div><\/section>\n","protected":false},"excerpt":{"rendered":"Visitez l&rsquo;exposition de l&rsquo;Avent de Zenz \u00e0 Lengmoos le 29 novembre 2026. Vous pouvez vous attendre \u00e0 une pr\u00e9sentation impressionnante des meilleures marques et produits agricoles et forestiers, notamment : Deutz-Fahr, Krone, Zenz Silokamm, Zenz Blockbands\u00e4ge, Husqvarna, P\u00fchringer, Lemken, Kioti, Keenan, Mammut, E.L.F.","protected":false},"author":1,"featured_media":0,"parent":0,"menu_order":87,"comment_status":"closed","ping_status":"closed","template":"","meta":{"_acf_changed":false,"footnotes":""},"class_list":["post-3193","page","type-page","status-publish","hentry"],"acf":[],"_links":{"self":[{"href":"https:\/\/www.zenz.de\/fr\/wp-json\/wp\/v2\/pages\/3193","targetHints":{"allow":["GET"]}}],"collection":[{"href":"https:\/\/www.zenz.de\/fr\/wp-json\/wp\/v2\/pages"}],"about":[{"href":"https:\/\/www.zenz.de\/fr\/wp-json\/wp\/v2\/types\/page"}],"author":[{"embeddable":true,"href":"https:\/\/www.zenz.de\/fr\/wp-json\/wp\/v2\/users\/1"}],"replies":[{"embeddable":true,"href":"https:\/\/www.zenz.de\/fr\/wp-json\/wp\/v2\/comments?post=3193"}],"version-history":[{"count":10,"href":"https:\/\/www.zenz.de\/fr\/wp-json\/wp\/v2\/pages\/3193\/revisions"}],"predecessor-version":[{"id":11186,"href":"https:\/\/www.zenz.de\/fr\/wp-json\/wp\/v2\/pages\/3193\/revisions\/11186"}],"wp:attachment":[{"href":"https:\/\/www.zenz.de\/fr\/wp-json\/wp\/v2\/media?parent=3193"}],"curies":[{"name":"wp","href":"https:\/\/api.w.org\/{rel}","templated":true}]}}