{"id":3214,"date":"2024-05-27T11:58:56","date_gmt":"2024-05-27T09:58:56","guid":{"rendered":"https:\/\/www.zenz.de\/service\/"},"modified":"2024-10-08T11:30:12","modified_gmt":"2024-10-08T09:30:12","slug":"service","status":"publish","type":"page","link":"https:\/\/www.zenz.de\/fr\/technique-agricole\/service\/","title":{"rendered":"Service"},"content":{"rendered":"<section class=\"l-section wpb_row height_auto width_full\"><div class=\"l-section-h i-cf\"><div class=\"g-cols vc_row via_grid cols_1 laptops-cols_inherit tablets-cols_inherit mobiles-cols_1 valign_top type_default stacking_default\"><div class=\"wpb_column vc_column_container\"><div class=\"vc_column-inner\"><section class=\"l-section wpb_row us_custom_f2ff99ef height_custom with_img\"><div class=\"l-section-img\" role=\"img\" aria-label=\"Hintergrund\u00fcberlagerung\" data-img-width=\"1920\" data-img-height=\"805\" style=\"background-image: url(https:\/\/www.zenz.de\/wp-content\/uploads\/2024\/05\/zenz-hero-hintergrundueberlagerung.png);\"><\/div><div class=\"l-section-h i-cf\"><div class=\"g-cols vc_row via_grid cols_1 laptops-cols_inherit tablets-cols_inherit mobiles-cols_1 valign_bottom type_default stacking_default\"><div class=\"wpb_column vc_column_container us_custom_e8177b5d\"><div class=\"vc_column-inner\"><h1 class=\"w-post-elm post_custom_field us_custom_6e203e2a has_text_color us_animate_this type_text ueberschrift color_link_inherit\"><span class=\"w-post-elm-value\">Service<\/br><span class=\"zenz-font-regular\">Rapide et simple<\/span><\/span><\/h1><\/div><\/div><\/div><\/div><\/section>\n<\/div><\/div><\/div><\/div><\/section><section class=\"l-section wpb_row us_custom_7befa01b zenz-container height_custom\"><div class=\"l-section-h i-cf\"><div class=\"g-cols vc_row via_grid cols_1 laptops-cols_inherit tablets-cols_inherit mobiles-cols_1 valign_top type_default stacking_default\"><div class=\"wpb_column vc_column_container\"><div class=\"vc_column-inner\"><div class=\"w-vwrapper align_center valign_top\" style=\"--vwrapper-gap:1.5rem\"><div class=\"wpb_text_column\"><div class=\"wpb_wrapper\"><h2>Votre partenaire pour le <span class=\"zenz-font-regular\">service des machines<\/span><\/h2>\n<\/div><\/div><div class=\"wpb_text_column us_custom_6e74c4b0\"><div class=\"wpb_wrapper\"><p>Notre service complet veille \u00e0 ce que vos machines soient rapidement de nouveau op\u00e9rationnelles. Gr\u00e2ce \u00e0 des outils sp\u00e9ciaux et \u00e0 un vaste stock de pi\u00e8ces de rechange, nous sommes parfaitement \u00e9quip\u00e9s pour effectuer les r\u00e9parations de mani\u00e8re efficace, m\u00eame le week-end et pendant la r\u00e9colte.<\/p>\n<\/div><\/div><div class=\"w-hwrapper valign_top wrap align_center\" style=\"--hwrapper-gap:1.2rem\"><div class=\"w-btn-wrapper align_none\"><a class=\"w-btn us-btn-style_5\" href=\"#ersatzteillager\"><span class=\"w-btn-label\">Stock de pi\u00e8ces d\u00e9tach\u00e9es<\/span><\/a><\/div><div class=\"w-btn-wrapper align_none\"><a class=\"w-btn us-btn-style_5\" href=\"#werkstatt-hydraulikservice\"><span class=\"w-btn-label\">Atelier &amp; service hydraulique<\/span><\/a><\/div><div class=\"w-btn-wrapper align_none\"><a class=\"w-btn us-btn-style_5\" href=\"#lohnunternehmen\"><span class=\"w-btn-label\">Entreprise de travaux agricoles<\/span><\/a><\/div><\/div><\/div><\/div><\/div><\/div><\/div><\/section><section class=\"l-section wpb_row us_custom_b61ace29 height_auto\" id=\"ersatzteillager\"><div class=\"l-section-h i-cf\"><div class=\"g-cols vc_row via_grid cols_1 laptops-cols_inherit tablets-cols_inherit mobiles-cols_1 valign_top type_default stacking_default\"><div class=\"wpb_column vc_column_container us_custom_0dc70a15\"><div class=\"vc_column-inner\"><\/div><\/div><\/div><\/div><\/section><section class=\"l-section wpb_row us_custom_9c22efad zenz-container height_custom\"><div class=\"l-section-h i-cf\"><div class=\"g-cols vc_row via_grid cols_2-1 laptops-cols_inherit tablets-cols_inherit mobiles-cols_1 valign_bottom type_default stacking_default\" style=\"--columns-gap:3rem;--laptops-columns-gap:3rem;--tablets-columns-gap:3rem;--mobiles-columns-gap:3rem;\"><div class=\"wpb_column vc_column_container\"><div class=\"vc_column-inner\"><div class=\"w-vwrapper align_none valign_top us_custom_b8c02223\" style=\"--vwrapper-gap:1.5rem\"><div class=\"wpb_text_column\"><div class=\"wpb_wrapper\"><h2><span class=\"zenz-font-regular\">Notre <\/span> stock de pi\u00e8ces d\u00e9tach\u00e9es<\/h2>\n<\/div><\/div><div class=\"wpb_text_column us_custom_6e74c4b0\"><div class=\"wpb_wrapper\"><p style=\"font-weight: 400;\">Notre magasin de pi\u00e8ces d\u00e9tach\u00e9es propose plus de 20 000 articles, dont une large gamme d&rsquo;accessoires hydrauliques et la fabrication de flexibles hydrauliques.<\/p>\n<p><strong>Heures d&rsquo;ouverture<\/strong> Notre magasin de pi\u00e8ces d\u00e9tach\u00e9es est ouvert aux heures suivantes :<br \/>\n<span style=\"text-decoration: underline;\">Lundi \u00e0 vendredi<\/span> 08:00 &#8211; 12:00 13:00 &#8211; 17:00<br \/>\n<span style=\"text-decoration: underline;\"><br \/>\nSamedi (d&rsquo;avril \u00e0 octobre) <\/span>08:00 &#8211; 12:00<\/p>\n<\/div><\/div><\/div><\/div><\/div><div class=\"wpb_column vc_column_container us_custom_3627a9a4 has_bg_color\"><div class=\"vc_column-inner\"><div class=\"w-vwrapper align_none valign_top us_custom_edb423b1\" style=\"--vwrapper-gap:0rem\"><div class=\"w-image has_ratio align_none\"><div class=\"w-image-h\"><div style=\"padding-bottom:80%\"><\/div><img decoding=\"async\" width=\"799\" height=\"732\" src=\"https:\/\/www.zenz.de\/wp-content\/uploads\/2024\/07\/zenz-thomas-heindl-e1726471394553.jpg\" class=\"attachment-full size-full\" alt=\"\" loading=\"lazy\" \/><\/div><\/div><div class=\"w-html\"><div class=\"zenz-ansprechpartner-flaeche\"><\/div><\/div><\/div><div class=\"w-vwrapper align_none valign_top us_custom_579545ec\" style=\"--vwrapper-gap:0.7rem\"><div class=\"wpb_text_column us_custom_f2eec366\"><div class=\"wpb_wrapper\"><p><strong>Thomas Heindl<\/strong><br \/>\nStock de pi\u00e8ces d\u00e9tach\u00e9es<\/p>\n<\/div><\/div><div class=\"wpb_text_column us_custom_8265ca57 zenz-header-icon\"><div class=\"wpb_wrapper\"><p><i class=\"fas fa-phone-alt\" style=\"padding-right: 5px;\"><\/i> <a class=\"zenz-font-red-hover\" href=\"tel:+498072919421\">+49 8072 9194-21<\/a><br \/>\n<i class=\"fas fa-fax\" style=\"padding-right: 5px;\"><\/i> +49 8072 9194-30<br \/>\n<i class=\"fas fa-envelope\" style=\"padding-right: 5px;\"><\/i> <a class=\"zenz-font-red-hover\" href=\"mailto:thomas.heindl@zenz.de\">thomas.heindl<wbr \/>@zenz.de<\/a><\/p>\n<\/div><\/div><\/div><\/div><\/div><\/div><\/div><\/section><section class=\"l-section wpb_row zenz-container height_custom\" id=\"werkstatt-hydraulikservice\"><div class=\"l-section-h i-cf\"><div class=\"g-cols vc_row via_grid cols_2-1 laptops-cols_inherit tablets-cols_inherit mobiles-cols_1 valign_middle type_default stacking_default\" style=\"--columns-gap:0rem;--laptops-columns-gap:0rem;--tablets-columns-gap:3rem;--mobiles-columns-gap:3rem;\"><div class=\"wpb_column vc_column_container us_custom_92044a2e has_bg_color\"><div class=\"vc_column-inner\"><div class=\"w-vwrapper align_none valign_top us_custom_b8c02223\" style=\"--vwrapper-gap:1.5rem\"><div class=\"wpb_text_column us_custom_6df4bc3a has_text_color\"><div class=\"wpb_wrapper\"><h2>Atelier &amp; service hydraulique<\/h2>\n<\/div><\/div><div class=\"wpb_text_column us_custom_a647d57e has_text_color\"><div class=\"wpb_wrapper\"><p style=\"font-weight: 400;\">Notre atelier dispose de syst\u00e8mes de diagnostic de pointe et d&rsquo;un personnel form\u00e9. Le service hydraulique comprend une large gamme de robinets, de vannes et plus encore.<\/p>\n<p><strong>Heures d&rsquo;ouverture<\/strong> L&rsquo;atelier &amp; le service hydraulique sont ouverts pour vous aux heures suivantes :<br \/>\n<span style=\"text-decoration: underline;\">Lundi \u00e0 vendredi<\/span> 08:00 &#8211; 12:00 13:00 &#8211; 17:00<\/p>\n<p><span style=\"text-decoration: underline;\">Samedi (avril \u00e0 octobre) <\/span>08:00 &#8211; 12:00<\/p>\n<\/div><\/div><\/div><\/div><\/div><div class=\"wpb_column vc_column_container us_custom_19edb167 has_bg_color\"><div class=\"vc_column-inner\"><div class=\"w-vwrapper align_none valign_top us_custom_edb423b1\" style=\"--vwrapper-gap:0rem\"><div class=\"w-image has_ratio align_none\"><div class=\"w-image-h\"><div style=\"padding-bottom:80%\"><\/div><img decoding=\"async\" width=\"799\" height=\"691\" src=\"https:\/\/www.zenz.de\/wp-content\/uploads\/2024\/07\/zenz-peter-grundner-e1719839932730.jpg\" class=\"attachment-full size-full\" alt=\"\" loading=\"lazy\" \/><\/div><\/div><div class=\"w-html\"><div class=\"zenz-ansprechpartner-flaeche\"><\/div><\/div><\/div><div class=\"w-vwrapper align_none valign_top us_custom_579545ec\" style=\"--vwrapper-gap:0.7rem\"><div class=\"wpb_text_column us_custom_f2eec366\"><div class=\"wpb_wrapper\"><p><strong>Peter Grundner<\/strong><br \/>\nChef d&rsquo;atelier<\/p>\n<\/div><\/div><div class=\"wpb_text_column us_custom_8265ca57 zenz-header-icon\"><div class=\"wpb_wrapper\"><p><i class=\"fas fa-phone-alt\" style=\"padding-right: 5px;\"><\/i> <a class=\"zenz-font-red-hover\" href=\"tel:+498072919424\">+49 8072 9194-24<\/a><br \/>\n<i class=\"fas fa-fax\" style=\"padding-right: 5px;\"><\/i> +49 8072 9194-30<br \/>\n<i class=\"fas fa-envelope\" style=\"padding-right: 5px;\"><\/i> <a class=\"zenz-font-red-hover\" href=\"mailto:peter.grundner@zenz.de\">peter.grundner<wbr \/>@zenz.de<\/a><\/p>\n<\/div><\/div><\/div><\/div><\/div><\/div><\/div><\/section><section class=\"l-section wpb_row us_custom_e967ee1d height_custom\" id=\"lohnunternehmen\"><div class=\"l-section-overlay\" style=\"background:rgba(94,97,102,0.95)\"><\/div><div class=\"l-section-h i-cf\"><div class=\"g-cols vc_row via_grid cols_1 laptops-cols_inherit tablets-cols_inherit mobiles-cols_1 valign_top type_default stacking_default\"><div class=\"wpb_column vc_column_container\"><div class=\"vc_column-inner\"><div class=\"g-cols wpb_row us_custom_03df90b1 via_grid cols_2 laptops-cols_inherit tablets-cols_1 mobiles-cols_1 valign_middle type_default stacking_default\" style=\"--columns-gap:7%;--laptops-columns-gap:7%;--tablets-columns-gap:3rem;--mobiles-columns-gap:3rem;\"><div class=\"wpb_column vc_column_container\"><div class=\"vc_column-inner\"><div class=\"w-vwrapper align_none valign_top us_custom_b8c02223\" style=\"--vwrapper-gap:1.5rem\"><div class=\"wpb_text_column us_custom_6df4bc3a has_text_color\"><div class=\"wpb_wrapper\"><h2>Entreprise de travaux agricoles <span class=\"zenz-font-regular\">Zenz<\/span><\/h2>\n<\/div><\/div><div class=\"wpb_text_column us_custom_a647d57e has_text_color\"><div class=\"wpb_wrapper\"><p style=\"font-weight: 400;\">En tant qu&rsquo;entreprise de travaux agricoles, nous proposons l&rsquo;\u00e9pandage de lisier au ras du sol et d&rsquo;autres services avec des machines modernes et un guidage GPS.<\/p>\n<\/div><\/div><div class=\"w-btn-wrapper align_none\"><a class=\"w-btn us-btn-style_5\" href=\"https:\/\/www.zenz.de\/fr\/?page_id=3133\"><span class=\"w-btn-label\">Demander un devis<\/span><\/a><\/div><\/div><\/div><\/div><div class=\"wpb_column vc_column_container\"><div class=\"vc_column-inner\"><div class=\"w-image zenz-img-inner-border has_ratio align_none\"><div class=\"w-image-h\"><div style=\"padding-bottom:75%\"><\/div><img decoding=\"async\" width=\"1200\" height=\"800\" src=\"https:\/\/www.zenz.de\/wp-content\/uploads\/2024\/07\/zenz-lohnunternehmen.jpg\" class=\"attachment-full size-full\" alt=\"\" loading=\"lazy\" \/><\/div><\/div><\/div><\/div><\/div><div class=\"w-separator size_custom\" style=\"height:25rem\"><\/div><div class=\"w-separator hide_on_tablets hide_on_mobiles size_custom\" style=\"height:100px\"><\/div><\/div><\/div><\/div><\/div><\/section><section class=\"l-section wpb_row us_custom_b45169b7 zenz-container height_custom\"><div class=\"l-section-h i-cf\"><div class=\"g-cols vc_row via_grid cols_1 laptops-cols_inherit tablets-cols_inherit mobiles-cols_1 valign_top type_default stacking_default\"><div class=\"wpb_column vc_column_container us_custom_4c210cb3\"><div class=\"vc_column-inner\"><div class=\"g-cols wpb_row us_custom_4ec94bca hide_on_tablets hide_on_mobiles via_grid cols_1 laptops-cols_inherit tablets-cols_inherit mobiles-cols_1 valign_top type_default stacking_default\" style=\"--columns-gap:3rem;\"><div class=\"wpb_column vc_column_container\"><div class=\"vc_column-inner\"><div class=\"w-vwrapper align_none valign_top us_custom_edb423b1\" style=\"--vwrapper-gap:0rem\"><div class=\"w-image has_ratio align_none\"><div class=\"w-image-h\"><div style=\"padding-bottom:80%\"><\/div><img decoding=\"async\" width=\"800\" height=\"910\" src=\"https:\/\/www.zenz.de\/wp-content\/uploads\/2024\/07\/zenz-service-christoph-zenz.jpeg\" class=\"attachment-full size-full\" alt=\"\" loading=\"lazy\" \/><\/div><\/div><div class=\"w-html\"><div class=\"zenz-ansprechpartner-flaeche\"><\/div><\/div><\/div><div class=\"w-hwrapper valign_top wrap us_custom_8a0f29a0 align_justify\" style=\"--hwrapper-gap:1.2rem\"><div class=\"wpb_text_column us_custom_f2eec366\"><div class=\"wpb_wrapper\"><p><strong>Christoph Zenz<\/strong> Directeur g\u00e9n\u00e9ral<\/p>\n<\/div><\/div><div class=\"wpb_text_column us_custom_8265ca57 zenz-header-icon\"><div class=\"wpb_wrapper\"><p><i class=\"fas fa-phone-alt\" style=\"padding-right: 5px;\"><\/i> <a class=\"zenz-font-red-hover\" href=\"tel:+49807291940\">+49 8072 9194-0<\/a><br \/>\n<i class=\"fas fa-fax\" style=\"padding-right: 5px;\"><\/i> +49 8072 9194-30<br \/>\n<i class=\"fas fa-envelope\" style=\"padding-right: 5px;\"><\/i> <a class=\"zenz-font-red-hover\" href=\"mailto:christoph.zenz@zenz.de\">christoph.zenz\u00ad@zenz.de<\/a><\/p>\n<\/div><\/div><\/div><\/div><\/div><\/div><div class=\"g-cols wpb_row us_custom_a54c5da8 via_grid cols_2-1 laptops-cols_inherit tablets-cols_inherit mobiles-cols_1 valign_top type_default reversed stacking_default\" style=\"--columns-gap:3rem;\"><div class=\"wpb_column vc_column_container\"><div class=\"vc_column-inner\"><div class=\"w-vwrapper align_none valign_top us_custom_8813bcad\" style=\"--vwrapper-gap:1.5rem\"><div class=\"wpb_text_column\"><div class=\"wpb_wrapper\"><h2>Votre interlocuteur <span class=\"zenz-font-regular\">pour tous les probl\u00e8mes et souhaits<\/span><\/h2>\n<\/div><\/div><div class=\"wpb_text_column us_custom_6e74c4b0\"><div class=\"wpb_wrapper\"><p>Christoph Zenz est la septi\u00e8me g\u00e9n\u00e9ration \u00e0 diriger l&rsquo;entreprise. Gr\u00e2ce \u00e0 son expertise et \u00e0 sa passion pour les techniques agricoles et foresti\u00e8res, il poursuit l&rsquo;histoire riche en traditions de l&rsquo;entreprise familiale. Il est votre interlocuteur pour toutes les questions strat\u00e9giques et op\u00e9rationnelles relatives \u00e0 Zenz.<\/p>\n<\/div><\/div><div class=\"w-btn-wrapper align_none\"><a class=\"w-btn us-btn-style_6\" href=\"https:\/\/www.zenz.de\/fr\/?page_id=3133\"><span class=\"w-btn-label\">Contacter maintenant<\/span><\/a><\/div><\/div><\/div><\/div><div class=\"wpb_column vc_column_container us_custom_4506f213 hide_on_default hide_on_laptops has_bg_color\"><div class=\"vc_column-inner\"><div class=\"w-vwrapper align_none valign_top us_custom_9e739e55\" style=\"--vwrapper-gap:0rem\"><div class=\"w-image has_ratio align_none\"><div class=\"w-image-h\"><div style=\"padding-bottom:80%\"><\/div><img decoding=\"async\" width=\"800\" height=\"910\" src=\"https:\/\/www.zenz.de\/wp-content\/uploads\/2024\/07\/zenz-service-christoph-zenz.jpeg\" class=\"attachment-full size-full\" alt=\"\" loading=\"lazy\" \/><\/div><\/div><div class=\"w-html\"><div class=\"zenz-ansprechpartner-flaeche\"><\/div><\/div><\/div><div class=\"w-hwrapper valign_top wrap stack_on_mobiles us_custom_8a0f29a0 align_justify\" style=\"--hwrapper-gap:1.2rem\"><div class=\"wpb_text_column us_custom_f2eec366\"><div class=\"wpb_wrapper\"><p><strong>Christoph Zenz<\/strong><br \/>\nDirecteur g\u00e9n\u00e9ral<\/p>\n<\/div><\/div><div class=\"wpb_text_column us_custom_8265ca57 zenz-header-icon\"><div class=\"wpb_wrapper\"><p><i class=\"fas fa-phone-alt\" style=\"padding-right: 5px;\"><\/i> <a class=\"zenz-font-red-hover\" href=\"tel:+49807291940\">+49 8072 9194-0<\/a><br \/>\n<i class=\"fas fa-fax\" style=\"padding-right: 5px;\"><\/i> +49 8072 9194-30<br \/>\n<i class=\"fas fa-envelope\" style=\"padding-right: 5px;\"><\/i> <a class=\"zenz-font-red-hover\" href=\"mailto:christoph.zenz@zenz.de\">christoph.zenz\u00ad@zenz.de<\/a><\/p>\n<\/div><\/div><\/div><\/div><\/div><\/div><\/div><\/div><\/div><\/div><\/section>\n","protected":false},"excerpt":{"rendered":"ServiceRapide et simple Votre partenaire pour le service des machines Notre service complet veille \u00e0 ce que vos machines soient rapidement de nouveau op\u00e9rationnelles. Gr\u00e2ce \u00e0 des outils sp\u00e9ciaux et \u00e0 un vaste stock de pi\u00e8ces de rechange, nous sommes parfaitement \u00e9quip\u00e9s pour effectuer les r\u00e9parations de mani\u00e8re efficace, m\u00eame le week-end et pendant la...","protected":false},"author":1,"featured_media":0,"parent":3140,"menu_order":91,"comment_status":"closed","ping_status":"closed","template":"","meta":{"_acf_changed":false,"footnotes":""},"class_list":["post-3214","page","type-page","status-publish","hentry"],"acf":[],"_links":{"self":[{"href":"https:\/\/www.zenz.de\/fr\/wp-json\/wp\/v2\/pages\/3214","targetHints":{"allow":["GET"]}}],"collection":[{"href":"https:\/\/www.zenz.de\/fr\/wp-json\/wp\/v2\/pages"}],"about":[{"href":"https:\/\/www.zenz.de\/fr\/wp-json\/wp\/v2\/types\/page"}],"author":[{"embeddable":true,"href":"https:\/\/www.zenz.de\/fr\/wp-json\/wp\/v2\/users\/1"}],"replies":[{"embeddable":true,"href":"https:\/\/www.zenz.de\/fr\/wp-json\/wp\/v2\/comments?post=3214"}],"version-history":[{"count":7,"href":"https:\/\/www.zenz.de\/fr\/wp-json\/wp\/v2\/pages\/3214\/revisions"}],"predecessor-version":[{"id":7357,"href":"https:\/\/www.zenz.de\/fr\/wp-json\/wp\/v2\/pages\/3214\/revisions\/7357"}],"up":[{"embeddable":true,"href":"https:\/\/www.zenz.de\/fr\/wp-json\/wp\/v2\/pages\/3140"}],"wp:attachment":[{"href":"https:\/\/www.zenz.de\/fr\/wp-json\/wp\/v2\/media?parent=3214"}],"curies":[{"name":"wp","href":"https:\/\/api.w.org\/{rel}","templated":true}]}}