{"id":3316,"date":"2024-06-17T17:03:49","date_gmt":"2024-06-17T15:03:49","guid":{"rendered":"https:\/\/www.zenz.de\/offres\/"},"modified":"2024-10-09T15:35:35","modified_gmt":"2024-10-09T13:35:35","slug":"offres","status":"publish","type":"page","link":"https:\/\/www.zenz.de\/fr\/offres\/","title":{"rendered":"Offres"},"content":{"rendered":"<section class=\"l-section wpb_row height_auto width_full\"><div class=\"l-section-h i-cf\"><div class=\"g-cols vc_row via_grid cols_1 laptops-cols_inherit tablets-cols_inherit mobiles-cols_1 valign_top type_default stacking_default\"><div class=\"wpb_column vc_column_container\"><div class=\"vc_column-inner\"><section class=\"l-section wpb_row us_custom_f2ff99ef height_custom with_img\"><div class=\"l-section-img\" role=\"img\" aria-label=\"Hintergrund\u00fcberlagerung\" data-img-width=\"1920\" data-img-height=\"805\" style=\"background-image: url(https:\/\/www.zenz.de\/wp-content\/uploads\/2024\/05\/zenz-hero-hintergrundueberlagerung.png);\"><\/div><div class=\"l-section-h i-cf\"><div class=\"g-cols vc_row via_grid cols_1 laptops-cols_inherit tablets-cols_inherit mobiles-cols_1 valign_bottom type_default stacking_default\"><div class=\"wpb_column vc_column_container us_custom_e8177b5d\"><div class=\"vc_column-inner\"><h1 class=\"w-post-elm post_custom_field us_custom_6e203e2a has_text_color us_animate_this type_text ueberschrift color_link_inherit\"><span class=\"w-post-elm-value\">Nos offres<\/br><span class=\"zenz-font-regular\">pour vous<\/span><\/span><\/h1><\/div><\/div><\/div><\/div><\/section>\n<\/div><\/div><\/div><\/div><\/section><section class=\"l-section wpb_row us_custom_7befa01b zenz-container height_custom\"><div class=\"l-section-h i-cf\"><div class=\"g-cols vc_row via_grid cols_1 laptops-cols_inherit tablets-cols_inherit mobiles-cols_1 valign_top type_default stacking_default\"><div class=\"wpb_column vc_column_container\"><div class=\"vc_column-inner\"><div class=\"w-vwrapper align_center valign_top\" style=\"--vwrapper-gap:1.5rem\"><div class=\"wpb_text_column\"><div class=\"wpb_wrapper\"><h2><span class=\"zenz-font-regular\">Pi\u00e8ces de rechange<\/span> de haute qualit\u00e9 <span class=\"zenz-font-regular\">et service d&rsquo;atelier<\/span><\/h2>\n<\/div><\/div><div class=\"wpb_text_column us_custom_6e74c4b0\"><div class=\"wpb_wrapper\"><p><span>Nous vous proposons des machines agricoles et foresti\u00e8res performantes ainsi que des pi\u00e8ces de rechange de premi\u00e8re qualit\u00e9 et un service d&rsquo;atelier complet. Qu&rsquo;il s&rsquo;agisse d&rsquo;un entretien r\u00e9gulier ou d&rsquo;une livraison rapide de pi\u00e8ces de rechange, avec nous, vos machines sont entre de bonnes mains. <\/span><\/p>\n<\/div><\/div><div class=\"w-hwrapper valign_top wrap align_center\" style=\"--hwrapper-gap:1.2rem\"><div class=\"w-btn-wrapper align_none\"><a class=\"w-btn us-btn-style_5\" href=\"#ersatzteile\"><span class=\"w-btn-label\">Pi\u00e8ces de rechange<\/span><\/a><\/div><div class=\"w-btn-wrapper align_none\"><a class=\"w-btn us-btn-style_5\" href=\"#werkstatt\"><span class=\"w-btn-label\">Atelier<\/span><\/a><\/div><\/div><\/div><\/div><\/div><\/div><\/div><\/section><section class=\"l-section wpb_row angebote height_custom width_custom\" style=\"--site-content-width:1140px;\" id=\"ersatzteile\"><div class=\"l-section-h i-cf\"><div class=\"g-cols vc_row via_grid cols_1 laptops-cols_inherit tablets-cols_inherit mobiles-cols_1 valign_top type_default stacking_default\"><div class=\"wpb_column vc_column_container\"><div class=\"vc_column-inner\"><div class=\"wpb_text_column\"><div class=\"wpb_wrapper\"><h2>Pi\u00e8ces de rechange<\/h2>\n<\/div><\/div><div class=\"w-separator size_custom\" style=\"height:2rem\"><\/div><div class=\"w-grid us_grid type_grid layout_309 cols_2 preload_style_spinner\" id=\"us_grid_1\" style=\"--columns:2;--gap:1.5rem;\" data-filterable=\"true\"><style>@media (max-width:480px){#us_grid_1{--columns:1!important}}.layout_309 .w-grid-item-h{}.layout_309 .usg_post_image_1{max-width:60%!important;margin-left:auto!important;margin-right:auto!important}.layout_309 .usg_post_title_1{color:var(--color-alt-content-primary)!important}.layout_309 .usg_vwrapper_1{position:static!important}.layout_309 .usg_hwrapper_1{width:100%!important;padding:6%!important;border:10px solid var(--color-content-border)!important}<\/style><div class=\"w-grid-list\">\t<article class=\"w-grid-item size_1x1 post-3943 angebote_zenz type-angebote_zenz status-publish has-post-thumbnail hentry\" data-id=\"3943\">\r\n\t\t<div class=\"w-grid-item-h\">\r\n\t\t\t\t\t\t<div class=\"w-vwrapper usg_vwrapper_1 align_left valign_top\" style=\"--vwrapper-gap:1rem\"><div class=\"w-hwrapper usg_hwrapper_1 align_center valign_top\" style=\"--hwrapper-gap:1.2rem\"><div class=\"w-post-elm post_image usg_post_image_1 zenz-angebote-img has_ratio\"><img loading=\"lazy\" decoding=\"async\" width=\"485\" height=\"775\" src=\"https:\/\/www.zenz.de\/wp-content\/uploads\/2024\/06\/husqvarna-geraetebenzin-xp-power.png\" class=\"attachment-full size-full wp-post-image\" alt=\"\" \/><div style=\"padding-bottom:100%\"><\/div><\/div><\/div><h3 class=\"w-post-elm post_title usg_post_title_1 zenz-h4 has_text_color entry-title color_link_inherit\">Essence alkyl\u00e9e Husqvarna XP Power<\/h3><div class=\"w-post-elm post_content usg_post_content_1\"><p>Essence alkyl\u00e9e de haute qualit\u00e9 pour une performance optimale du moteur et une longue dur\u00e9e de vie.<\/p>\n<p><span class=\"zenz-font-grey\">25 litres &#8211; 107,00 \u20ac<br \/>\n<\/span><span class=\"zenz-font-grey\">5 litres &#8211; 21,95 \u20ac<\/span><\/p>\n<\/div><\/div>\t\t<\/div>\r\n\t\t\t<\/article>\r\n\t<article class=\"w-grid-item size_1x1 post-3936 angebote_zenz type-angebote_zenz status-publish has-post-thumbnail hentry\" data-id=\"3936\">\r\n\t\t<div class=\"w-grid-item-h\">\r\n\t\t\t\t\t\t<div class=\"w-vwrapper usg_vwrapper_1 align_left valign_top\" style=\"--vwrapper-gap:1rem\"><div class=\"w-hwrapper usg_hwrapper_1 align_center valign_top\" style=\"--hwrapper-gap:1.2rem\"><div class=\"w-post-elm post_image usg_post_image_1 zenz-angebote-img has_ratio\"><img loading=\"lazy\" decoding=\"async\" width=\"1000\" height=\"667\" src=\"https:\/\/www.zenz.de\/wp-content\/uploads\/2024\/06\/zenz-angebote-krone-wickelnetz.jpg\" class=\"attachment-full size-full wp-post-image\" alt=\"\" \/><div style=\"padding-bottom:100%\"><\/div><\/div><\/div><h3 class=\"w-post-elm post_title usg_post_title_1 zenz-h4 has_text_color entry-title color_link_inherit\">Krone Filet \u00e0 enrubanner Edge X-tra 2.600 mtr.<\/h3><div class=\"w-post-elm post_content usg_post_content_1\"><p>Filet d&rsquo;enrubannage professionnel de 2.600 m\u00e8tres de long.<br \/>\nId\u00e9al pour un enrubannage s\u00fbr et efficace des balles.<\/p>\n<p><span class=\"zenz-font-grey\">185,00 \u20ac<\/span><\/p>\n<\/div><\/div>\t\t<\/div>\r\n\t\t\t<\/article>\r\n\t<article class=\"w-grid-item size_1x1 post-3946 angebote_zenz type-angebote_zenz status-publish has-post-thumbnail hentry\" data-id=\"3946\">\r\n\t\t<div class=\"w-grid-item-h\">\r\n\t\t\t\t\t\t<div class=\"w-vwrapper usg_vwrapper_1 align_left valign_top\" style=\"--vwrapper-gap:1rem\"><div class=\"w-hwrapper usg_hwrapper_1 align_center valign_top\" style=\"--hwrapper-gap:1.2rem\"><div class=\"w-post-elm post_image usg_post_image_1 zenz-angebote-img has_ratio\"><img loading=\"lazy\" decoding=\"async\" width=\"1000\" height=\"738\" src=\"https:\/\/www.zenz.de\/wp-content\/uploads\/2024\/07\/zenz-angebote-schubkarrenreifen.png\" class=\"attachment-full size-full wp-post-image\" alt=\"\" \/><div style=\"padding-bottom:100%\"><\/div><\/div><\/div><h3 class=\"w-post-elm post_title usg_post_title_1 zenz-h4 has_text_color entry-title color_link_inherit\">Pneu de brouette avec chambre \u00e0 air 4.00\u00d78\/4 PLY 015<\/h3><div class=\"w-post-elm post_content usg_post_content_1\"><p>Pneu de brouette robuste, taille 4.00\u00d78\/4 PLY 015.<br \/>\nChambre \u00e0 air incluse, id\u00e9ale pour les travaux difficiles.<\/p>\n<p><span class=\"zenz-font-grey\">9,90 \u20ac<\/span><\/p>\n<\/div><\/div>\t\t<\/div>\r\n\t\t\t<\/article>\r\n\t<article class=\"w-grid-item size_1x1 post-3939 angebote_zenz type-angebote_zenz status-publish has-post-thumbnail hentry\" data-id=\"3939\">\r\n\t\t<div class=\"w-grid-item-h\">\r\n\t\t\t\t\t\t<div class=\"w-vwrapper usg_vwrapper_1 align_left valign_top\" style=\"--vwrapper-gap:1rem\"><div class=\"w-hwrapper usg_hwrapper_1 align_center valign_top\" style=\"--hwrapper-gap:1.2rem\"><div class=\"w-post-elm post_image usg_post_image_1 zenz-angebote-img has_ratio\"><img loading=\"lazy\" decoding=\"async\" width=\"1000\" height=\"917\" src=\"https:\/\/www.zenz.de\/wp-content\/uploads\/2024\/07\/zenz-angebote-motorenoel.jpg\" class=\"attachment-full size-full wp-post-image\" alt=\"\" \/><div style=\"padding-bottom:100%\"><\/div><\/div><\/div><h3 class=\"w-post-elm post_title usg_post_title_1 zenz-h4 has_text_color entry-title color_link_inherit\">Huile moteur 15W40 \/ 20 litres<\/h3><div class=\"w-post-elm post_content usg_post_content_1\"><p>Huile moteur de haute qualit\u00e9 pour diff\u00e9rentes machines, viscosit\u00e9 15W40, disponible en bidon de 20 litres pour<\/p>\n<p><span class=\"zenz-font-grey\">69,00 \u20ac.<\/span><\/p>\n<\/div><\/div>\t\t<\/div>\r\n\t\t\t<\/article>\r\n\t<article class=\"w-grid-item size_1x1 post-3933 angebote_zenz type-angebote_zenz status-publish has-post-thumbnail hentry\" data-id=\"3933\">\r\n\t\t<div class=\"w-grid-item-h\">\r\n\t\t\t\t\t\t<div class=\"w-vwrapper usg_vwrapper_1 align_left valign_top\" style=\"--vwrapper-gap:1rem\"><div class=\"w-hwrapper usg_hwrapper_1 align_center valign_top\" style=\"--hwrapper-gap:1.2rem\"><div class=\"w-post-elm post_image usg_post_image_1 zenz-angebote-img has_ratio\"><img loading=\"lazy\" decoding=\"async\" width=\"204\" height=\"711\" src=\"https:\/\/www.zenz.de\/wp-content\/uploads\/2024\/07\/zenz-angebote-bremsenreiniger.jpeg\" class=\"attachment-full size-full wp-post-image\" alt=\"\" \/><div style=\"padding-bottom:100%\"><\/div><\/div><\/div><h3 class=\"w-post-elm post_title usg_post_title_1 zenz-h4 has_text_color entry-title color_link_inherit\">Nettoyant pour freins 500 ml (carton 6 pcs)<\/h3><div class=\"w-post-elm post_content usg_post_content_1\"><p>Nettoyant pour freins efficace pour un nettoyage rapide et en profondeur. Carton de 6 pi\u00e8ces pour<\/p>\n<p><span class=\"zenz-font-grey\">19,95 \u20ac.<\/span><\/p>\n<\/div><\/div>\t\t<\/div>\r\n\t\t\t<\/article>\r\n\t<article class=\"w-grid-item size_1x1 post-3928 angebote_zenz type-angebote_zenz status-publish has-post-thumbnail hentry\" data-id=\"3928\">\r\n\t\t<div class=\"w-grid-item-h\">\r\n\t\t\t\t\t\t<div class=\"w-vwrapper usg_vwrapper_1 align_left valign_top\" style=\"--vwrapper-gap:1rem\"><div class=\"w-hwrapper usg_hwrapper_1 align_center valign_top\" style=\"--hwrapper-gap:1.2rem\"><div class=\"w-post-elm post_image usg_post_image_1 zenz-angebote-img has_ratio\"><img loading=\"lazy\" decoding=\"async\" width=\"567\" height=\"240\" src=\"https:\/\/www.zenz.de\/wp-content\/uploads\/2024\/07\/zenz-angebote-frontladerzinken.jpeg\" class=\"attachment-full size-full wp-post-image\" alt=\"\" \/><div style=\"padding-bottom:100%\"><\/div><\/div><\/div><h3 class=\"w-post-elm post_title usg_post_title_1 zenz-h4 has_text_color entry-title color_link_inherit\">Dents de chargeur frontal K1 810 mm<\/h3><div class=\"w-post-elm post_content usg_post_content_1\"><p>Dent de chargeur frontal robuste, longueur 810 mm. Parfaites pour les applications agricoles polyvalentes.<\/p>\n<p><span class=\"zenz-font-grey\">15,00 \u20ac<\/span><\/p>\n<\/div><\/div>\t\t<\/div>\r\n\t\t\t<\/article>\r\n\t<article class=\"w-grid-item size_1x1 post-3923 angebote_zenz type-angebote_zenz status-publish has-post-thumbnail hentry\" data-id=\"3923\">\r\n\t\t<div class=\"w-grid-item-h\">\r\n\t\t\t\t\t\t<div class=\"w-vwrapper usg_vwrapper_1 align_left valign_top\" style=\"--vwrapper-gap:1rem\"><div class=\"w-hwrapper usg_hwrapper_1 align_center valign_top\" style=\"--hwrapper-gap:1.2rem\"><div class=\"w-post-elm post_image usg_post_image_1 zenz-angebote-img has_ratio\"><img loading=\"lazy\" decoding=\"async\" width=\"965\" height=\"2560\" src=\"https:\/\/www.zenz.de\/wp-content\/uploads\/2024\/07\/zenz-angebote-kabelbinder.jpeg\" class=\"attachment-full size-full wp-post-image\" alt=\"\" \/><div style=\"padding-bottom:100%\"><\/div><\/div><\/div><h3 class=\"w-post-elm post_title usg_post_title_1 zenz-h4 has_text_color entry-title color_link_inherit\">Assortiment de colliers de serrage 1000 pcs.<\/h3><div class=\"w-post-elm post_content usg_post_content_1\"><p>Assortiment pratique de colliers de serrage de 1.000 pi\u00e8ces.<br \/>\nId\u00e9al pour de multiples t\u00e2ches de fixation et d&rsquo;organisation.<\/p>\n<p><span class=\"zenz-font-grey\">15,00 \u20ac<\/span><\/p>\n<\/div><\/div>\t\t<\/div>\r\n\t\t\t<\/article>\r\n<\/div>\t<div class=\"w-grid-preloader\">\r\n\t\t<div class=\"g-preloader type_1\">\r\n\t\t\t<div><\/div>\r\n\t\t<\/div>\r\n\t<\/div>\r\n\t\t<div class=\"w-grid-json hidden\" onclick='return {&quot;action&quot;:&quot;us_ajax_grid&quot;,&quot;infinite_scroll&quot;:0,&quot;max_num_pages&quot;:1,&quot;pagination&quot;:&quot;none&quot;,&quot;template_vars&quot;:{&quot;columns&quot;:&quot;2&quot;,&quot;exclude_items&quot;:&quot;none&quot;,&quot;img_size&quot;:&quot;default&quot;,&quot;ignore_items_size&quot;:0,&quot;items_layout&quot;:&quot;309&quot;,&quot;items_offset&quot;:&quot;1&quot;,&quot;load_animation&quot;:&quot;none&quot;,&quot;overriding_link&quot;:&quot;%7B%22url%22%3A%22%22%7D&quot;,&quot;post_id&quot;:0,&quot;query_args&quot;:{&quot;post_type&quot;:[&quot;angebote_zenz&quot;],&quot;post_status&quot;:[&quot;publish&quot;,&quot;acf-disabled&quot;],&quot;posts_per_page&quot;:&quot;10&quot;},&quot;orderby_query_args&quot;:{&quot;orderby&quot;:{&quot;date&quot;:&quot;ASC&quot;}},&quot;type&quot;:&quot;grid&quot;,&quot;us_grid_post_type&quot;:&quot;angebote_zenz&quot;,&quot;us_grid_ajax_index&quot;:1,&quot;us_grid_filter_query_string&quot;:null,&quot;us_grid_index&quot;:1,&quot;page_args&quot;:[],&quot;lang&quot;:&quot;fr&quot;}}'><\/div>\r\n\t<\/div><div class=\"w-separator size_custom\" style=\"height:2rem\"><\/div><h3 class=\"w-text us_custom_62f46617\"><span class=\"w-text-h\"><span class=\"w-text-value\">Appelez-nous d\u00e8s maintenant pour profiter de l&rsquo;offre !<\/span><\/span><\/h3><div class=\"w-hwrapper valign_top wrap align_center\" style=\"--hwrapper-gap:1.2rem\"><div class=\"w-btn-wrapper align_none\"><a class=\"w-btn us-btn-style_3 icon_atleft\" href=\"tel:+49807291940\"><i class=\"fas fa-phone\"><\/i><span class=\"w-btn-label\">+49 8072 9194-0<\/span><\/a><\/div><div class=\"w-btn-wrapper align_none\"><a class=\"w-btn us-btn-style_5\" href=\"https:\/\/www.zenz.de\/fr\/?page_id=3133#kontaktformular\"><span class=\"w-btn-label\">Aller au formulaire de contact<\/span><\/a><\/div><\/div><\/div><\/div><\/div><\/div><\/section><section class=\"l-section wpb_row us_custom_c70c97eb height_custom\" id=\"werkstatt\"><div class=\"l-section-h i-cf\"><div class=\"g-cols vc_row via_grid cols_1 laptops-cols_inherit tablets-cols_inherit mobiles-cols_1 valign_top type_default stacking_default\"><div class=\"wpb_column vc_column_container\"><div class=\"vc_column-inner\"><div class=\"w-vwrapper align_center valign_top\" style=\"--vwrapper-gap:1.5rem\"><div class=\"wpb_text_column\"><div class=\"wpb_wrapper\"><h2>Atelier<\/h2>\n<\/div><\/div><div class=\"wpb_text_column us_custom_6e74c4b0\"><div class=\"wpb_wrapper\"><p><span>Notre \u00e9quipe comp\u00e9tente veille \u00e0 ce que vos machines fonctionnent toujours de mani\u00e8re optimale. Notre atelier propose un entretien professionnel et des r\u00e9parations rapides afin de maximiser la disponibilit\u00e9 de vos machines. <\/span><\/p>\n<\/div><\/div><\/div><div class=\"w-separator size_custom\" style=\"height:3rem\"><\/div><div class=\"g-cols wpb_row via_grid cols_2 laptops-cols_inherit tablets-cols_inherit mobiles-cols_1 valign_top type_default stacking_default\" style=\"--columns-gap:3rem;\"><div class=\"wpb_column vc_column_container us_custom_c03d78a6\"><div class=\"vc_column-inner\"><h3 class=\"w-text\"><span class=\"w-text-h\"><span class=\"w-text-value\">Service apr\u00e8s-vente des tondeuses \u00e0 gazon<\/span><\/span><\/h3><div class=\"wpb_text_column\"><div class=\"wpb_wrapper\"><ul>\n<li><span>Vidange de l&rsquo;huile moteur<\/span><br \/>\n<span><\/span><\/li>\n<li><span>Aff\u00fbtage et \u00e9quilibrage des lames<\/span><br \/>\n<span><\/span><\/li>\n<li><span>Remplacer la bougie d&rsquo;allumage <\/span><\/li>\n<li><span>V\u00e9rifier le filtre \u00e0 air, le carburateur et le r\u00e9servoir <\/span><\/li>\n<li><span>Nettoyer le bloc moteur et les ailettes de refroidissement <\/span><\/li>\n<li><span>Nettoyage intensif de l&rsquo;eau chaude <\/span><\/li>\n<li><span>Revue g\u00e9n\u00e9rale <\/span><\/li>\n<\/ul>\n<\/div><\/div><div class=\"w-separator size_custom with_line width_default thick_1 style_solid color_border align_center\" style=\"height:3rem\"><div class=\"w-separator-h\"><\/div><\/div><div class=\"wpb_text_column\"><div class=\"wpb_wrapper\"><h4>Seulement 59,00 \u20ac<\/h4>\n<p><span>Avec service d&rsquo;enl\u00e8vement et de livraison sur demande <\/span><\/p>\n<p><span>jusqu&rsquo;\u00e0 <strong>5 km<\/strong> <strong>79,00 \u20ac<\/strong><br \/>\n<\/span><span>jusqu&rsquo;\u00e0 <strong>20 km<\/strong> <strong>94,00 \u20ac<\/strong><\/span><\/p>\n<\/div><\/div><\/div><\/div><div class=\"wpb_column vc_column_container us_custom_c03d78a6\"><div class=\"vc_column-inner\"><h3 class=\"w-text\"><span class=\"w-text-h\"><span class=\"w-text-value\">Service apr\u00e8s-vente des autoport\u00e9es<\/span><\/span><\/h3><div class=\"wpb_text_column\"><div class=\"wpb_wrapper\"><ul>\n<li><span>Remplacement de l&rsquo;huile et du filtre moteur<\/span><br \/>\n<span><\/span><\/li>\n<li><span>Aff\u00fbtage et \u00e9quilibrage des lames <\/span><\/li>\n<li><span>V\u00e9rifier et r\u00e9gler l&rsquo;allumage<\/span><br \/>\n<span><\/span><\/li>\n<li><span>Remplacer la bougie d&rsquo;allumage <\/span><\/li>\n<li><span>V\u00e9rifier le filtre \u00e0 air, le carburateur et le r\u00e9servoir <\/span><\/li>\n<li><span>V\u00e9rifier la batterie et la courroie trap\u00e9zo\u00efdale <\/span><\/li>\n<li><span>Nettoyer le bloc moteur et les ailettes de refroidissement <\/span><\/li>\n<li><span>Nettoyage intensif de l&rsquo;eau chaude <\/span><\/li>\n<li><span>Revue g\u00e9n\u00e9rale <\/span><\/li>\n<\/ul>\n<\/div><\/div><div class=\"w-separator size_custom with_line width_default thick_1 style_solid color_border align_center\" style=\"height:3rem\"><div class=\"w-separator-h\"><\/div><\/div><div class=\"wpb_text_column\"><div class=\"wpb_wrapper\"><h4>Seulement 149,00 \u20ac<\/h4>\n<p><span>Avec service d&rsquo;enl\u00e8vement et de livraison sur demande<\/span><\/p>\n<p><span>jusqu&rsquo;\u00e0 <strong>5 km<\/strong> <strong>169,00 \u20ac<br \/>\n<\/strong>jusqu&rsquo;\u00e0 <strong>20 km<\/strong> <strong>184,00 \u20ac<\/strong><\/span><\/p>\n<\/div><\/div><\/div><\/div><\/div><div class=\"w-separator size_custom\" style=\"height:3rem\"><\/div><div class=\"w-btn-wrapper align_center\"><a class=\"w-btn us-btn-style_6\" href=\"https:\/\/www.zenz.de\/fr\/?page_id=3133\"><span class=\"w-btn-label\">Demandez maintenant<\/span><\/a><\/div><\/div><\/div><\/div><\/div><\/section>\n","protected":false},"excerpt":{"rendered":"Assortiment pratique de colliers de serrage de 1.000 pi\u00e8ces. Id\u00e9al pour de multiples t\u00e2ches de fixation et d'organisation. 15,00 \u20ac","protected":false},"author":1,"featured_media":0,"parent":0,"menu_order":51,"comment_status":"closed","ping_status":"closed","template":"","meta":{"_acf_changed":false,"footnotes":""},"class_list":["post-3316","page","type-page","status-publish","hentry"],"acf":[],"_links":{"self":[{"href":"https:\/\/www.zenz.de\/fr\/wp-json\/wp\/v2\/pages\/3316","targetHints":{"allow":["GET"]}}],"collection":[{"href":"https:\/\/www.zenz.de\/fr\/wp-json\/wp\/v2\/pages"}],"about":[{"href":"https:\/\/www.zenz.de\/fr\/wp-json\/wp\/v2\/types\/page"}],"author":[{"embeddable":true,"href":"https:\/\/www.zenz.de\/fr\/wp-json\/wp\/v2\/users\/1"}],"replies":[{"embeddable":true,"href":"https:\/\/www.zenz.de\/fr\/wp-json\/wp\/v2\/comments?post=3316"}],"version-history":[{"count":3,"href":"https:\/\/www.zenz.de\/fr\/wp-json\/wp\/v2\/pages\/3316\/revisions"}],"predecessor-version":[{"id":8367,"href":"https:\/\/www.zenz.de\/fr\/wp-json\/wp\/v2\/pages\/3316\/revisions\/8367"}],"wp:attachment":[{"href":"https:\/\/www.zenz.de\/fr\/wp-json\/wp\/v2\/media?parent=3316"}],"curies":[{"name":"wp","href":"https:\/\/api.w.org\/{rel}","templated":true}]}}