{"id":4074,"date":"2024-05-27T14:12:38","date_gmt":"2024-05-27T12:12:38","guid":{"rendered":"https:\/\/www.zenz.de\/mentions-legales\/"},"modified":"2025-12-17T13:11:22","modified_gmt":"2025-12-17T12:11:22","slug":"mentions-legales","status":"publish","type":"page","link":"https:\/\/www.zenz.de\/fr\/mentions-legales\/","title":{"rendered":"Mentions l\u00e9gales"},"content":{"rendered":"<section class=\"l-section wpb_row external-link-icon height_custom\"><div class=\"l-section-h i-cf\"><div class=\"g-cols vc_row via_grid cols_1 laptops-cols_inherit tablets-cols_inherit mobiles-cols_1 valign_top type_default stacking_default\"><div class=\"wpb_column vc_column_container\"><div class=\"vc_column-inner\"><h1 class=\"w-text\"><span class=\"w-text-h\"><span class=\"w-text-value\">Mentions l\u00e9gales<\/span><\/span><\/h1><h2 class=\"w-text zenz-h4\"><span class=\"w-text-h\"><span class=\"w-text-value\">Adresse postale<\/span><\/span><\/h2><div class=\"wpb_text_column\"><div class=\"wpb_wrapper\"><p><span>Zenz Landtechnik GmbH<\/span><br \/>\n<span>Lengmoos 10<\/span><br \/>\n<span>83536 Gars<\/span><\/p>\n<\/div><\/div><div class=\"w-separator size_custom\" style=\"height:2rem\"><\/div><h2 class=\"w-text zenz-h4\"><span class=\"w-text-h\"><span class=\"w-text-value\">Contact<\/span><\/span><\/h2><div class=\"wpb_text_column\"><div class=\"wpb_wrapper\"><p><a href=\"tel:+499123456789\">T\u00e9l. : +49 (0)8072 9194-0<\/a><br \/>\n<span>T\u00e9l\u00e9copieur : +49 (0)8072 9194-30<\/span><br \/>\n<a href=\"mailto:info@zenz.de\">Courrier \u00e9lectronique : info@zenz.de<\/a><\/p>\n<\/div><\/div><div class=\"w-separator size_custom\" style=\"height:2rem\"><\/div><h2 class=\"w-text zenz-h4\"><span class=\"w-text-h\"><span class=\"w-text-value\">Registre du commerce<\/span><\/span><\/h2><div class=\"wpb_text_column\"><div class=\"wpb_wrapper\"><p>Tribunal d&rsquo;enregistrement : Traunstein<br \/>\nNum\u00e9ro d&rsquo;immatriculation : HRB 8725<\/p>\n<p>Repr\u00e9sent\u00e9 par :<br \/>\nChristoph Zenz<\/p>\n<\/div><\/div><div class=\"w-separator size_custom\" style=\"height:2rem\"><\/div><h2 class=\"w-text zenz-h4\"><span class=\"w-text-h\"><span class=\"w-text-value\">Num\u00e9ro d&#039;identification de la taxe sur le chiffre d&#039;affaires<\/span><\/span><\/h2><div class=\"wpb_text_column\"><div class=\"wpb_wrapper\"><p><span>Num\u00e9ro d&rsquo;identification de la taxe sur le chiffre d&rsquo;affaires conform\u00e9ment au \u00a727a<br \/>\nUmsatzsteuergesetz: DE191050394<\/span><\/p>\n<\/div><\/div><div class=\"w-separator size_custom\" style=\"height:2rem\"><\/div><h2 class=\"w-text zenz-h4\"><span class=\"w-text-h\"><span class=\"w-text-value\">Responsabilit\u00e9 du contenu<\/span><\/span><\/h2><div class=\"wpb_text_column\"><div class=\"wpb_wrapper\"><p><span>Le contenu de nos pages a \u00e9t\u00e9 r\u00e9dig\u00e9 avec le plus grand soin. Nous ne pouvons toutefois pas garantir l&rsquo;exactitude, l&rsquo;exhaustivit\u00e9 et l&rsquo;actualit\u00e9 des contenus. En tant que prestataire de services, nous sommes responsables de nos propres contenus sur ces pages conform\u00e9ment \u00e0 l&rsquo;article 7, paragraphe 1, de la loi allemande sur les t\u00e9l\u00e9m\u00e9dias (TMG). Conform\u00e9ment aux \u00a7\u00a7 8 \u00e0 10 de la TMG, nous ne sommes toutefois pas tenus, en tant que prestataire de services, de surveiller les informations externes transmises ou enregistr\u00e9es ou de rechercher les circonstances qui indiquent une activit\u00e9 ill\u00e9gale. L&rsquo;obligation de supprimer ou de bloquer l&rsquo;utilisation d&rsquo;informations conform\u00e9ment aux lois g\u00e9n\u00e9rales reste inchang\u00e9e. Une responsabilit\u00e9 \u00e0 cet \u00e9gard n&rsquo;est toutefois possible qu&rsquo;\u00e0 partir du moment o\u00f9 une violation concr\u00e8te de la loi est connue. D\u00e8s que nous aurons connaissance d&rsquo;une telle violation, nous supprimerons imm\u00e9diatement le contenu en question.       <\/span><\/p>\n<\/div><\/div><div class=\"w-separator size_custom\" style=\"height:2rem\"><\/div><h2 class=\"w-text zenz-h4\"><span class=\"w-text-h\"><span class=\"w-text-value\">Responsabilit\u00e9 des liens<\/span><\/span><\/h2><div class=\"wpb_text_column\"><div class=\"wpb_wrapper\"><p><span>Notre offre contient des liens vers des sites web externes de tiers, sur lesquels nous n&rsquo;avons aucune influence. Nous ne pouvons donc pas nous porter garants de ces contenus externes. Le fournisseur ou l&rsquo;exploitant des pages li\u00e9es est toujours responsable du contenu de ces pages. Les pages li\u00e9es ont \u00e9t\u00e9 v\u00e9rifi\u00e9es au moment de la cr\u00e9ation du lien afin de s&rsquo;assurer qu&rsquo;elles n&rsquo;enfreignaient pas la loi. Aucun contenu ill\u00e9gal n&rsquo;a \u00e9t\u00e9 identifi\u00e9 au moment de la cr\u00e9ation du lien. Un contr\u00f4le permanent du contenu des pages li\u00e9es n&rsquo;est cependant pas exigible sans indices concrets d&rsquo;une violation de la loi. Si nous prenons connaissance d&rsquo;une violation de la loi, nous supprimerons imm\u00e9diatement les liens concern\u00e9s.      <\/span><\/p>\n<\/div><\/div><div class=\"w-separator size_custom\" style=\"height:2rem\"><\/div><h2 class=\"w-text zenz-h4\"><span class=\"w-text-h\"><span class=\"w-text-value\">Droit d&#039;auteur<\/span><\/span><\/h2><div class=\"wpb_text_column\"><div class=\"wpb_wrapper\"><p><span>Les contenus et \u0153uvres cr\u00e9\u00e9s par les exploitants de ces pages sont soumis au droit d&rsquo;auteur allemand. La reproduction, le traitement, la diffusion et tout type d&rsquo;exploitation en dehors des limites du droit d&rsquo;auteur n\u00e9cessitent l&rsquo;accord \u00e9crit de l&rsquo;auteur ou du cr\u00e9ateur concern\u00e9. Les t\u00e9l\u00e9chargements et les copies de ce site ne sont autoris\u00e9s que pour un usage priv\u00e9 et non commercial. Dans la mesure o\u00f9 les contenus de ce site n&rsquo;ont pas \u00e9t\u00e9 cr\u00e9\u00e9s par l&rsquo;exploitant, les droits d&rsquo;auteur de tiers sont respect\u00e9s. En particulier, les contenus de tiers sont identifi\u00e9s comme tels. Si vous deviez n\u00e9anmoins constater une violation des droits d&rsquo;auteur, nous vous prions de nous en informer. D\u00e8s que nous aurons connaissance d&rsquo;une violation de la loi, nous supprimerons imm\u00e9diatement le contenu en question.      <\/span><\/p>\n<\/div><\/div><div class=\"w-separator size_custom\" style=\"height:2rem\"><\/div><h2 class=\"w-text zenz-h4\"><span class=\"w-text-h\"><span class=\"w-text-value\">Protection des donn\u00e9es<\/span><\/span><\/h2><div class=\"wpb_text_column\"><div class=\"wpb_wrapper\"><p><span>En r\u00e8gle g\u00e9n\u00e9rale, l&rsquo;utilisation de notre site web est possible sans indication de donn\u00e9es personnelles. Dans la mesure o\u00f9 des donn\u00e9es personnelles (par exemple nom, adresse ou adresses e-mail) sont collect\u00e9es sur notre site, cela se fait toujours, dans la mesure du possible, sur une base volontaire. Ces donn\u00e9es ne seront pas transmises \u00e0 des tiers sans votre accord explicite.  <\/span><br \/>\n<span>Nous attirons votre attention sur le fait que la transmission de donn\u00e9es sur Internet (par ex. lors de la communication par e-mail) peut pr\u00e9senter des failles de s\u00e9curit\u00e9. Une protection compl\u00e8te des donn\u00e9es contre l&rsquo;acc\u00e8s par des tiers n&rsquo;est pas possible. L&rsquo;utilisation par des tiers des donn\u00e9es de contact publi\u00e9es dans le cadre des mentions l\u00e9gales obligatoires pour l&rsquo;envoi de publicit\u00e9 et de mat\u00e9riel d&rsquo;information non express\u00e9ment demand\u00e9s est express\u00e9ment interdite. Les exploitants des pages se r\u00e9servent express\u00e9ment le droit d&rsquo;engager des poursuites judiciaires en cas d&rsquo;envoi non sollicit\u00e9 d&rsquo;informations publicitaires, par exemple par le biais de spams.   <\/span><\/p>\n<\/div><\/div><div class=\"w-separator size_custom\" style=\"height:2rem\"><\/div><h2 class=\"w-text zenz-h4\"><span class=\"w-text-h\"><span class=\"w-text-value\">Cr\u00e9dits photographiques<\/span><\/span><\/h2><div class=\"wpb_text_column\"><div class=\"wpb_wrapper\"><ul>\n<li><a href=\"https:\/\/stock.adobe.com\/de\/images\/customer-service-and-support-outline-icon-collection-thin-line-set-contains-such-icons-as-online-help-helpdesk-quick-response-feedback-and-more-simple-web-icons-set\/458178449\" target=\"_blank\" rel=\"nofollow noopener\">Service et assistance \u00e0 la client\u00e8le &#8211; Collection d&rsquo;ic\u00f4nes Outline. Thin Line Set contient des ic\u00f4nes telles que Online Help, Helpdesk, Quick Response, Feedback et plus encore. Ensemble d&rsquo;ic\u00f4nes web simples.  <\/a> <a href=\"https:\/\/stock.adobe.com\/de\/contributor\/202188293\/happy-art\" target=\"_blank\" rel=\"nofollow noopener\">Happy Art<\/a> | <a href=\"https:\/\/stock.adobe.com\/de\" target=\"_blank\" rel=\"nofollow noopener\">stock.adobe.com\/fr<\/a><\/li>\n<li><a href=\"https:\/\/stock.adobe.com\/de\/images\/lumber-line-icons-vector-illustration-include-icon-log-plank-polishing-grinder-saw-lumberjack-cutting-carpentry-outline-pictogram-for-wood-cutting-64x64-pixel-perfect-editable-stroke\/472040396\" target=\"_blank\" rel=\"nofollow noopener\">Ic\u00f4nes de ligne de bois. L&rsquo;illustration vectorielle comprend l&rsquo;ic\u00f4ne &#8211; log, plank, polishing grinder, saw, lumberjack, cutting, carpentry outline pictogram for wood cutting. 64&#215;64 Pixel Perfect, Editable Stroke  <\/a>  \u00a9 <a href=\"https:\/\/stock.adobe.com\/de\/contributor\/209445585\/sir-vector\" target=\"_blank\" rel=\"nofollow noopener\">Sir.Vector<\/a> | <a href=\"https:\/\/stock.adobe.com\/de\" target=\"_blank\" rel=\"nofollow noopener\">stock.adobe.com\/fr<\/a><\/li>\n<li><a href=\"https:\/\/stock.adobe.com\/de\/images\/farming-and-agriculture-outline-symbol-collection-65-editable-stroke-icons-vector-illustrator\/566602275\" target=\"_blank\" rel=\"nofollow noopener\">Collection d&rsquo;ic\u00f4nes de contour pour l&rsquo;agriculture et l&rsquo;\u00e9levage. 65 ic\u00f4nes de coups \u00e9ditables. Illustrateur vectoriel  <\/a>  \u00a9 <a href=\"https:\/\/stock.adobe.com\/de\/contributor\/201297327\/skyline\" target=\"_blank\" rel=\"nofollow noopener\">SkyLine<\/a> | <a href=\"https:\/\/stock.adobe.com\/de\" target=\"_blank\" rel=\"nofollow noopener\">stock.adobe.com\/fr<\/a><\/li>\n<li><a href=\"https:\/\/stock.adobe.com\/de\/images\/set-of-line-icons-in-linear-style-set-farming-farm-and-agriculture-animal-husbandry-and-livestock-breeding-outline-icon-collection-conceptual-pictogram-and-infographic-editable-stroke\/694441467?asset_id=694441467\" target=\"_blank\" rel=\"nofollow noopener\">Jeu d&rsquo;ic\u00f4nes de ligne dans un style lin\u00e9aire. Set &#8211; Agriculture, ferme et agriculture. \u00c9levage d&rsquo;animaux et \u00e9levage de b\u00e9tail. Collection d&rsquo;ic\u00f4nes de ligne. Pictogramme et infographie conceptuels. Crayon \u00e9ditable.     <\/a>  \u00a9 <a href=\"https:\/\/stock.adobe.com\/de\/contributor\/208520720\/paha\" target=\"_blank\" rel=\"nofollow noopener\">PaHa<\/a> | <a href=\"https:\/\/stock.adobe.com\/de\" target=\"_blank\" rel=\"nofollow noopener\">stock.adobe.com\/fr<\/a><\/li>\n<li><a href=\"https:\/\/stock.adobe.com\/de\/images\/pile-of-newspapers-on-white-background\/290153844\" target=\"_blank\" rel=\"nofollow noopener\">Pile de journaux sur fond blanc<\/a> \u00a9 <a href=\"https:\/\/stock.adobe.com\/de\/contributor\/205405392\/billionphotos-com\" target=\"_blank\" rel=\"nofollow noopener\">BillionPhotos.com<\/a> | <a href=\"https:\/\/stock.adobe.com\/de\" target=\"_blank\" rel=\"nofollow noopener\">stock.adobe.com\/fr<\/a><\/li>\n<li><a href=\"https:\/\/stock.adobe.com\/de\/images\/man-doing-finances-and-calculate-about-cost-to-real-estate-investment-and-in-other-tax-system-time-for-taxes-money-financial-accounting-taxation-generative-ai\/647181019\" target=\"_blank\" rel=\"nofollow noopener\">Man doing finances and calculate about cost to real estate investment and in other, tax system.Time for Taxes Money Financial Accounting Taxation, Generative AI<\/a> \u00a9 <a href=\"https:\/\/stock.adobe.com\/de\/contributor\/211519736\/visual-venture\" target=\"_blank\" rel=\"nofollow noopener\">Visual Venture<\/a> | <a href=\"https:\/\/stock.adobe.com\/de\" target=\"_blank\" rel=\"nofollow noopener\">stock.adobe.com\/fr<\/a><\/li>\n<\/ul>\n<\/div><\/div><\/div><\/div><\/div><\/div><\/section>\n","protected":false},"excerpt":{"rendered":"Mentions l\u00e9galesAdresse postaleZenz Landtechnik GmbH Lengmoos 10 83536 Gars ContactT\u00e9l. : +49 (0)8072 9194-0 T\u00e9l\u00e9copieur : +49 (0)8072 9194-30 Courrier \u00e9lectronique : info@zenz.de Registre du commerceTribunal d&rsquo;enregistrement : Traunstein Num\u00e9ro d&rsquo;immatriculation : HRB 8725 Repr\u00e9sent\u00e9 par : Christoph Zenz Num\u00e9ro d&#039;identification de la taxe sur le chiffre d&#039;affairesNum\u00e9ro d&rsquo;identification de la taxe sur le chiffre...","protected":false},"author":1,"featured_media":0,"parent":0,"menu_order":67,"comment_status":"closed","ping_status":"closed","template":"","meta":{"_acf_changed":false,"footnotes":""},"class_list":["post-4074","page","type-page","status-publish","hentry"],"acf":[],"_links":{"self":[{"href":"https:\/\/www.zenz.de\/fr\/wp-json\/wp\/v2\/pages\/4074","targetHints":{"allow":["GET"]}}],"collection":[{"href":"https:\/\/www.zenz.de\/fr\/wp-json\/wp\/v2\/pages"}],"about":[{"href":"https:\/\/www.zenz.de\/fr\/wp-json\/wp\/v2\/types\/page"}],"author":[{"embeddable":true,"href":"https:\/\/www.zenz.de\/fr\/wp-json\/wp\/v2\/users\/1"}],"replies":[{"embeddable":true,"href":"https:\/\/www.zenz.de\/fr\/wp-json\/wp\/v2\/comments?post=4074"}],"version-history":[{"count":5,"href":"https:\/\/www.zenz.de\/fr\/wp-json\/wp\/v2\/pages\/4074\/revisions"}],"predecessor-version":[{"id":11247,"href":"https:\/\/www.zenz.de\/fr\/wp-json\/wp\/v2\/pages\/4074\/revisions\/11247"}],"wp:attachment":[{"href":"https:\/\/www.zenz.de\/fr\/wp-json\/wp\/v2\/media?parent=4074"}],"curies":[{"name":"wp","href":"https:\/\/api.w.org\/{rel}","templated":true}]}}